{"id":316,"date":"2024-06-15T21:50:38","date_gmt":"2024-06-15T21:50:38","guid":{"rendered":"https:\/\/www.erzeni.com\/?page_id=316"},"modified":"2025-09-16T20:02:23","modified_gmt":"2025-09-16T20:02:23","slug":"product-catalog","status":"publish","type":"page","link":"https:\/\/www.erzeni.com\/sq\/product-catalog\/","title":{"rendered":"Katalogu i Produkteve"},"content":{"rendered":"<div data-elementor-type=\"wp-page\" data-elementor-id=\"316\" class=\"elementor elementor-316\">\n\t\t\t\t<div class=\"elementor-element elementor-element-465b361 e-flex e-con-boxed wpr-equal-height-no e-con e-parent\" data-id=\"465b361\" data-element_type=\"container\" data-e-type=\"container\" data-settings=\"{&quot;background_background&quot;:&quot;classic&quot;}\">\n\t\t\t\t\t<div class=\"e-con-inner\">\n\t\t\t\t<div class=\"elementor-element elementor-element-6815f2a elementor-widget elementor-widget-heading\" data-id=\"6815f2a\" data-element_type=\"widget\" data-e-type=\"widget\" data-widget_type=\"heading.default\">\n\t\t\t\t<div class=\"elementor-widget-container\">\n\t\t\t\t\t<h1 class=\"elementor-heading-title elementor-size-default\">Erzeni Dairy Products Catalog<\/h1>\t\t\t\t<\/div>\n\t\t\t\t<\/div>\n\t\t<div class=\"elementor-element elementor-element-48f310c e-con-full e-flex wpr-equal-height-no e-con e-child\" data-id=\"48f310c\" data-element_type=\"container\" data-e-type=\"container\">\n\t\t\t\t<div class=\"elementor-element elementor-element-a034930 elementor-widget elementor-widget-heading\" data-id=\"a034930\" data-element_type=\"widget\" data-e-type=\"widget\" data-widget_type=\"heading.default\">\n\t\t\t\t<div class=\"elementor-widget-container\">\n\t\t\t\t\t<div class=\"elementor-heading-title elementor-size-default\"><a href=\"https:\/\/www.erzeni.com\/sq\/\">Erzeni<\/a><\/div>\t\t\t\t<\/div>\n\t\t\t\t<\/div>\n\t\t\t\t<div class=\"elementor-element elementor-element-dbc1a66 elementor-widget elementor-widget-heading\" data-id=\"dbc1a66\" data-element_type=\"widget\" data-e-type=\"widget\" data-widget_type=\"heading.default\">\n\t\t\t\t<div class=\"elementor-widget-container\">\n\t\t\t\t\t<div class=\"elementor-heading-title elementor-size-default\">&gt;<\/div>\t\t\t\t<\/div>\n\t\t\t\t<\/div>\n\t\t\t\t<div class=\"elementor-element elementor-element-4202667 elementor-widget elementor-widget-heading\" data-id=\"4202667\" data-element_type=\"widget\" data-e-type=\"widget\" data-widget_type=\"heading.default\">\n\t\t\t\t<div class=\"elementor-widget-container\">\n\t\t\t\t\t<div class=\"elementor-heading-title elementor-size-default\"><a href=\"https:\/\/www.erzeni.com\/sq\/media\/\">Media<\/a><\/div>\t\t\t\t<\/div>\n\t\t\t\t<\/div>\n\t\t\t\t<div class=\"elementor-element elementor-element-84b6463 elementor-widget elementor-widget-heading\" data-id=\"84b6463\" data-element_type=\"widget\" data-e-type=\"widget\" data-widget_type=\"heading.default\">\n\t\t\t\t<div class=\"elementor-widget-container\">\n\t\t\t\t\t<div class=\"elementor-heading-title elementor-size-default\">&gt;<\/div>\t\t\t\t<\/div>\n\t\t\t\t<\/div>\n\t\t\t\t<div class=\"elementor-element elementor-element-7e08a37 elementor-widget elementor-widget-heading\" data-id=\"7e08a37\" data-element_type=\"widget\" data-e-type=\"widget\" data-widget_type=\"heading.default\">\n\t\t\t\t<div class=\"elementor-widget-container\">\n\t\t\t\t\t<div class=\"elementor-heading-title elementor-size-default\">Katalogu i Produkteve<\/div>\t\t\t\t<\/div>\n\t\t\t\t<\/div>\n\t\t\t\t<\/div>\n\t\t\t\t\t<\/div>\n\t\t\t\t<\/div>\n\t\t<div class=\"elementor-element elementor-element-ce70b5f e-flex e-con-boxed wpr-equal-height-no e-con e-parent\" data-id=\"ce70b5f\" data-element_type=\"container\" data-e-type=\"container\">\n\t\t\t\t\t<div class=\"e-con-inner\">\n\t\t\t\t<div class=\"elementor-element elementor-element-b88deb3 elementor-widget elementor-widget-shortcode\" data-id=\"b88deb3\" data-element_type=\"widget\" data-e-type=\"widget\" data-widget_type=\"shortcode.default\">\n\t\t\t\t<div class=\"elementor-widget-container\">\n\t\t\t\t\t\t\t<div class=\"elementor-shortcode\"><div class=\"_df_book df-lite\" id=\"df_1085\"  _slug=\"erzeni-flipbook\" data-title=\"erzeni-flipbook\" wpoptions=\"true\" thumbtype=\"\" ><\/div><script class=\"df-shortcode-script\" nowprocket type=\"application\/javascript\">window.option_df_1085 = {\"webgl\":\"true\",\"outline\":[],\"backgroundColor\":\"#ffffff\",\"duration\":\"500\",\"hard\":\"none\",\"autoEnableOutline\":\"false\",\"autoEnableThumbnail\":\"false\",\"overwritePDFOutline\":\"false\",\"enableDownload\":\"false\",\"direction\":\"1\",\"pageSize\":\"0\",\"pageMode\":\"2\",\"soundEnable\":\"false\",\"maxTextureSize\":\"1024\",\"source\":\"https:\\\/\\\/www.erzeni.com\\\/wp-content\\\/uploads\\\/2024\\\/06\\\/ctl.pdf\",\"wpOptions\":\"true\"}; if(window.DFLIP && window.DFLIP.parseBooks){window.DFLIP.parseBooks();}<\/script><\/div>\n\t\t\t\t\t\t<\/div>\n\t\t\t\t<\/div>\n\t\t\t\t<div class=\"elementor-element elementor-element-9a929dd elementor-widget elementor-widget-text-editor\" data-id=\"9a929dd\" data-element_type=\"widget\" data-e-type=\"widget\" data-widget_type=\"text-editor.default\">\n\t\t\t\t<div class=\"elementor-widget-container\">\n\t\t\t\t\t\t\t\t\t<p><span style=\"font-size: 1rem;\">Zbuloni p\u00ebrzgjedhjen ton\u00eb t\u00eb plot\u00eb t\u00eb produkteve t\u00eb qum\u00ebshtit me cil\u00ebsi t\u00eb lart\u00eb, t\u00eb prodhuara me kujdes dhe tradit\u00eb. Nga qum\u00ebshti i fresk\u00ebt te kosi kremoz, djathi dhe gjalpi, katalogu yn\u00eb pasqyron pasionin q\u00eb vendosim n\u00eb \u00e7do etap\u00eb t\u00eb prodhimit<\/span><\/p><p>Tek Erzeni, teknologjia moderne bashkohet me dekada p\u00ebrvoje p\u00ebr t\u00eb garantuar \u00e7do produkt me freski, cil\u00ebsi dhe shije t\u00eb pakrahasueshme.<\/p><ul><li class=\"translation-block\">M\u00ebsoni m\u00eb shum\u00eb rreth historis\u00eb dhe vlerave tona n\u00eb faqen <a href=\"https:\/\/www.erzeni.com\/sq\/about-us\/\" target=\"_self\">Rreth Nesh<\/a>.<\/li><li class=\"translation-block\">Jeni kurioz\u00eb si prodhohen produktet tona t\u00eb qum\u00ebshtit? Vizitoni seksionin <a href=\"https:\/\/www.erzeni.com\/sq\/production-process\/\" target=\"_self\">P\u00ebrpunimi<\/a> p\u00ebr nj\u00eb pamje nga brenda e pajisjeve tona moderne.<\/li><li class=\"translation-block\">Jemi krenar\u00eb q\u00eb mb\u00ebshtesim fermer\u00ebt vendas. Lexoni m\u00eb shum\u00eb rreth iniciativave tona n\u00eb programin <a href=\"https:\/\/www.erzeni.com\/sq\/farmer-support\/\" target=\"_self\">Suporti ndaj fermer\u00ebve<\/a> .<\/li><li class=\"translation-block\">P\u00ebr porosi t\u00eb m\u00ebdha, distribuim ose k\u00ebrkesa t\u00eb ve\u00e7anta, mos hezitoni t\u00eb na <a href=\"https:\/\/www.erzeni.com\/sq\/contact\/\" target=\"_self\"> na kontaktoni<\/a>.<\/li><\/ul>\t\t\t\t\t\t\t\t<\/div>\n\t\t\t\t<\/div>\n\t\t\t\t\t<\/div>\n\t\t\t\t<\/div>\n\t\t\t\t<\/div>","protected":false},"excerpt":{"rendered":"<p>Erzeni Dairy Products Catalog Erzeni &gt; Media &gt; Product Catalog Discover our complete selection of high-quality dairy products, crafted with care and tradition. From fresh milk to creamy yogurt, cheese, and butter, our catalog reflects the passion we bring to every stage of production. At Erzeni, we combine modern technology with decades of experience to ensure that every product meets the highest standards of freshness, quality, and taste. Learn more about our story and values on the About Us page. Curious about how our dairy products are made? Visit the Production Process section for an inside look at our modern facilities. We are proud to support local farmers. Read more about our initiatives in the Farmer Support program. For bulk orders, distribution, or special requests, don\u2019t hesitate to Contact Us.<\/p>","protected":false},"author":2,"featured_media":2222,"parent":0,"menu_order":0,"comment_status":"closed","ping_status":"closed","template":"elementor_canvas","meta":{"nf_dc_page":"","footnotes":""},"class_list":["post-316","page","type-page","status-publish","has-post-thumbnail","hentry"],"yoast_head":"<!-- This site is optimized with the Yoast SEO plugin v27.4 - https:\/\/yoast.com\/product\/yoast-seo-wordpress\/ -->\n<title>Product Catalog - Erzeni<\/title>\n<meta name=\"description\" content=\"Explore Erzeni&#039;s product catalog \u2013 from fresh milk to artisan cheeses and creamy yogurt. Quality Albanian dairy products trusted since 1929.\" \/>\n<meta name=\"robots\" content=\"index, follow, max-snippet:-1, max-image-preview:large, max-video-preview:-1\" \/>\n<link rel=\"canonical\" href=\"https:\/\/www.erzeni.com\/sq\/product-catalog\/\" \/>\n<meta property=\"og:locale\" content=\"sq_AL\" \/>\n<meta property=\"og:type\" content=\"article\" \/>\n<meta property=\"og:title\" content=\"Product Catalog - Erzeni\" \/>\n<meta property=\"og:description\" content=\"Explore Erzeni&#039;s product catalog \u2013 from fresh milk to artisan cheeses and creamy yogurt. Quality Albanian dairy products trusted since 1929.\" \/>\n<meta property=\"og:url\" content=\"https:\/\/www.erzeni.com\/sq\/product-catalog\/\" \/>\n<meta property=\"og:site_name\" content=\"Erzeni\" \/>\n<meta property=\"article:modified_time\" content=\"2025-09-16T20:02:23+00:00\" \/>\n<meta property=\"og:image\" content=\"https:\/\/www.erzeni.com\/wp-content\/uploads\/2025\/09\/Erzeni-Products.png\" \/>\n\t<meta property=\"og:image:width\" content=\"532\" \/>\n\t<meta property=\"og:image:height\" content=\"746\" \/>\n\t<meta property=\"og:image:type\" content=\"image\/png\" \/>\n<meta name=\"twitter:card\" content=\"summary_large_image\" \/>\n<meta name=\"twitter:label1\" content=\"Est. reading time\" \/>\n\t<meta name=\"twitter:data1\" content=\"1 minut\u00eb\" \/>\n<script type=\"application\/ld+json\" class=\"yoast-schema-graph\">{\"@context\":\"https:\\\/\\\/schema.org\",\"@graph\":[{\"@type\":\"WebPage\",\"@id\":\"https:\\\/\\\/www.erzeni.com\\\/product-catalog\\\/\",\"url\":\"https:\\\/\\\/www.erzeni.com\\\/product-catalog\\\/\",\"name\":\"Product Catalog - Erzeni\",\"isPartOf\":{\"@id\":\"https:\\\/\\\/www.erzeni.com\\\/#website\"},\"primaryImageOfPage\":{\"@id\":\"https:\\\/\\\/www.erzeni.com\\\/product-catalog\\\/#primaryimage\"},\"image\":{\"@id\":\"https:\\\/\\\/www.erzeni.com\\\/product-catalog\\\/#primaryimage\"},\"thumbnailUrl\":\"https:\\\/\\\/www.erzeni.com\\\/wp-content\\\/uploads\\\/2025\\\/09\\\/Erzeni-Products.png\",\"datePublished\":\"2024-06-15T21:50:38+00:00\",\"dateModified\":\"2025-09-16T20:02:23+00:00\",\"description\":\"Explore Erzeni's product catalog \u2013 from fresh milk to artisan cheeses and creamy yogurt. Quality Albanian dairy products trusted since 1929.\",\"breadcrumb\":{\"@id\":\"https:\\\/\\\/www.erzeni.com\\\/product-catalog\\\/#breadcrumb\"},\"inLanguage\":\"sq\",\"potentialAction\":[{\"@type\":\"ReadAction\",\"target\":[\"https:\\\/\\\/www.erzeni.com\\\/product-catalog\\\/\"]}]},{\"@type\":\"ImageObject\",\"inLanguage\":\"sq\",\"@id\":\"https:\\\/\\\/www.erzeni.com\\\/product-catalog\\\/#primaryimage\",\"url\":\"https:\\\/\\\/www.erzeni.com\\\/wp-content\\\/uploads\\\/2025\\\/09\\\/Erzeni-Products.png\",\"contentUrl\":\"https:\\\/\\\/www.erzeni.com\\\/wp-content\\\/uploads\\\/2025\\\/09\\\/Erzeni-Products.png\",\"width\":532,\"height\":746,\"caption\":\"Erzeni Dairy Products \u2013 Catalog of Milk, Yogurt, Cheese & Butter\"},{\"@type\":\"BreadcrumbList\",\"@id\":\"https:\\\/\\\/www.erzeni.com\\\/product-catalog\\\/#breadcrumb\",\"itemListElement\":[{\"@type\":\"ListItem\",\"position\":1,\"name\":\"Home\",\"item\":\"https:\\\/\\\/www.erzeni.com\\\/\"},{\"@type\":\"ListItem\",\"position\":2,\"name\":\"Product Catalog\"}]},{\"@type\":\"WebSite\",\"@id\":\"https:\\\/\\\/www.erzeni.com\\\/#website\",\"url\":\"https:\\\/\\\/www.erzeni.com\\\/\",\"name\":\"Erzeni\",\"description\":\"\",\"publisher\":{\"@id\":\"https:\\\/\\\/www.erzeni.com\\\/#organization\"},\"potentialAction\":[{\"@type\":\"SearchAction\",\"target\":{\"@type\":\"EntryPoint\",\"urlTemplate\":\"https:\\\/\\\/www.erzeni.com\\\/?s={search_term_string}\"},\"query-input\":{\"@type\":\"PropertyValueSpecification\",\"valueRequired\":true,\"valueName\":\"search_term_string\"}}],\"inLanguage\":\"sq\"},{\"@type\":\"Organization\",\"@id\":\"https:\\\/\\\/www.erzeni.com\\\/#organization\",\"name\":\"Erzeni\",\"url\":\"https:\\\/\\\/www.erzeni.com\\\/\",\"logo\":{\"@type\":\"ImageObject\",\"inLanguage\":\"sq\",\"@id\":\"https:\\\/\\\/www.erzeni.com\\\/#\\\/schema\\\/logo\\\/image\\\/\",\"url\":\"https:\\\/\\\/www.erzeni.com\\\/wp-content\\\/uploads\\\/2025\\\/01\\\/erzenimini.png\",\"contentUrl\":\"https:\\\/\\\/www.erzeni.com\\\/wp-content\\\/uploads\\\/2025\\\/01\\\/erzenimini.png\",\"width\":300,\"height\":198,\"caption\":\"Erzeni\"},\"image\":{\"@id\":\"https:\\\/\\\/www.erzeni.com\\\/#\\\/schema\\\/logo\\\/image\\\/\"}}]}<\/script>\n<!-- \/ Yoast SEO plugin. -->","yoast_head_json":{"title":"Product Catalog - Erzeni","description":"Explore Erzeni's product catalog \u2013 from fresh milk to artisan cheeses and creamy yogurt. Quality Albanian dairy products trusted since 1929.","robots":{"index":"index","follow":"follow","max-snippet":"max-snippet:-1","max-image-preview":"max-image-preview:large","max-video-preview":"max-video-preview:-1"},"canonical":"https:\/\/www.erzeni.com\/sq\/product-catalog\/","og_locale":"sq_AL","og_type":"article","og_title":"Product Catalog - Erzeni","og_description":"Explore Erzeni's product catalog \u2013 from fresh milk to artisan cheeses and creamy yogurt. Quality Albanian dairy products trusted since 1929.","og_url":"https:\/\/www.erzeni.com\/sq\/product-catalog\/","og_site_name":"Erzeni","article_modified_time":"2025-09-16T20:02:23+00:00","og_image":[{"width":532,"height":746,"url":"https:\/\/www.erzeni.com\/wp-content\/uploads\/2025\/09\/Erzeni-Products.png","type":"image\/png"}],"twitter_card":"summary_large_image","twitter_misc":{"Est. reading time":"1 minut\u00eb"},"schema":{"@context":"https:\/\/schema.org","@graph":[{"@type":"WebPage","@id":"https:\/\/www.erzeni.com\/product-catalog\/","url":"https:\/\/www.erzeni.com\/product-catalog\/","name":"Product Catalog - Erzeni","isPartOf":{"@id":"https:\/\/www.erzeni.com\/#website"},"primaryImageOfPage":{"@id":"https:\/\/www.erzeni.com\/product-catalog\/#primaryimage"},"image":{"@id":"https:\/\/www.erzeni.com\/product-catalog\/#primaryimage"},"thumbnailUrl":"https:\/\/www.erzeni.com\/wp-content\/uploads\/2025\/09\/Erzeni-Products.png","datePublished":"2024-06-15T21:50:38+00:00","dateModified":"2025-09-16T20:02:23+00:00","description":"Explore Erzeni's product catalog \u2013 from fresh milk to artisan cheeses and creamy yogurt. Quality Albanian dairy products trusted since 1929.","breadcrumb":{"@id":"https:\/\/www.erzeni.com\/product-catalog\/#breadcrumb"},"inLanguage":"sq","potentialAction":[{"@type":"ReadAction","target":["https:\/\/www.erzeni.com\/product-catalog\/"]}]},{"@type":"ImageObject","inLanguage":"sq","@id":"https:\/\/www.erzeni.com\/product-catalog\/#primaryimage","url":"https:\/\/www.erzeni.com\/wp-content\/uploads\/2025\/09\/Erzeni-Products.png","contentUrl":"https:\/\/www.erzeni.com\/wp-content\/uploads\/2025\/09\/Erzeni-Products.png","width":532,"height":746,"caption":"Erzeni Dairy Products \u2013 Catalog of Milk, Yogurt, Cheese & Butter"},{"@type":"BreadcrumbList","@id":"https:\/\/www.erzeni.com\/product-catalog\/#breadcrumb","itemListElement":[{"@type":"ListItem","position":1,"name":"Home","item":"https:\/\/www.erzeni.com\/"},{"@type":"ListItem","position":2,"name":"Product Catalog"}]},{"@type":"WebSite","@id":"https:\/\/www.erzeni.com\/#website","url":"https:\/\/www.erzeni.com\/","name":"Erzeni","description":"","publisher":{"@id":"https:\/\/www.erzeni.com\/#organization"},"potentialAction":[{"@type":"SearchAction","target":{"@type":"EntryPoint","urlTemplate":"https:\/\/www.erzeni.com\/?s={search_term_string}"},"query-input":{"@type":"PropertyValueSpecification","valueRequired":true,"valueName":"search_term_string"}}],"inLanguage":"sq"},{"@type":"Organization","@id":"https:\/\/www.erzeni.com\/#organization","name":"Erzeni","url":"https:\/\/www.erzeni.com\/","logo":{"@type":"ImageObject","inLanguage":"sq","@id":"https:\/\/www.erzeni.com\/#\/schema\/logo\/image\/","url":"https:\/\/www.erzeni.com\/wp-content\/uploads\/2025\/01\/erzenimini.png","contentUrl":"https:\/\/www.erzeni.com\/wp-content\/uploads\/2025\/01\/erzenimini.png","width":300,"height":198,"caption":"Erzeni"},"image":{"@id":"https:\/\/www.erzeni.com\/#\/schema\/logo\/image\/"}}]}},"_links":{"self":[{"href":"https:\/\/www.erzeni.com\/sq\/wp-json\/wp\/v2\/pages\/316","targetHints":{"allow":["GET"]}}],"collection":[{"href":"https:\/\/www.erzeni.com\/sq\/wp-json\/wp\/v2\/pages"}],"about":[{"href":"https:\/\/www.erzeni.com\/sq\/wp-json\/wp\/v2\/types\/page"}],"author":[{"embeddable":true,"href":"https:\/\/www.erzeni.com\/sq\/wp-json\/wp\/v2\/users\/2"}],"replies":[{"embeddable":true,"href":"https:\/\/www.erzeni.com\/sq\/wp-json\/wp\/v2\/comments?post=316"}],"version-history":[{"count":5,"href":"https:\/\/www.erzeni.com\/sq\/wp-json\/wp\/v2\/pages\/316\/revisions"}],"predecessor-version":[{"id":2338,"href":"https:\/\/www.erzeni.com\/sq\/wp-json\/wp\/v2\/pages\/316\/revisions\/2338"}],"wp:featuredmedia":[{"embeddable":true,"href":"https:\/\/www.erzeni.com\/sq\/wp-json\/wp\/v2\/media\/2222"}],"wp:attachment":[{"href":"https:\/\/www.erzeni.com\/sq\/wp-json\/wp\/v2\/media?parent=316"}],"curies":[{"name":"wp","href":"https:\/\/api.w.org\/{rel}","templated":true}]}}