{"id":314,"date":"2024-06-15T21:50:28","date_gmt":"2024-06-15T21:50:28","guid":{"rendered":"https:\/\/www.erzeni.com\/?page_id=314"},"modified":"2025-10-22T18:38:00","modified_gmt":"2025-10-22T18:38:00","slug":"donations","status":"publish","type":"page","link":"https:\/\/www.erzeni.com\/sq\/donations\/","title":{"rendered":"Donacionet"},"content":{"rendered":"<div data-elementor-type=\"wp-page\" data-elementor-id=\"314\" class=\"elementor elementor-314\">\n\t\t\t\t<div class=\"elementor-element elementor-element-9b0428a e-flex e-con-boxed wpr-equal-height-no e-con e-parent\" data-id=\"9b0428a\" data-element_type=\"container\" data-e-type=\"container\" data-settings=\"{&quot;background_background&quot;:&quot;classic&quot;}\">\n\t\t\t\t\t<div class=\"e-con-inner\">\n\t\t\t\t<div class=\"elementor-element elementor-element-6030717 elementor-widget elementor-widget-heading\" data-id=\"6030717\" data-element_type=\"widget\" data-e-type=\"widget\" data-widget_type=\"heading.default\">\n\t\t\t\t<div class=\"elementor-widget-container\">\n\t\t\t\t\t<h1 class=\"elementor-heading-title elementor-size-default\">Donacionet<\/h1>\t\t\t\t<\/div>\n\t\t\t\t<\/div>\n\t\t<div class=\"elementor-element elementor-element-fc6b600 e-con-full e-flex wpr-equal-height-no e-con e-child\" data-id=\"fc6b600\" data-element_type=\"container\" data-e-type=\"container\">\n\t\t\t\t<div class=\"elementor-element elementor-element-10f4e31 elementor-widget elementor-widget-heading\" data-id=\"10f4e31\" data-element_type=\"widget\" data-e-type=\"widget\" data-widget_type=\"heading.default\">\n\t\t\t\t<div class=\"elementor-widget-container\">\n\t\t\t\t\t<div class=\"elementor-heading-title elementor-size-default\"><a href=\"https:\/\/www.erzeni.com\/sq\/\">Erzeni<\/a><\/div>\t\t\t\t<\/div>\n\t\t\t\t<\/div>\n\t\t\t\t<div class=\"elementor-element elementor-element-e766461 elementor-widget elementor-widget-heading\" data-id=\"e766461\" data-element_type=\"widget\" data-e-type=\"widget\" data-widget_type=\"heading.default\">\n\t\t\t\t<div class=\"elementor-widget-container\">\n\t\t\t\t\t<div class=\"elementor-heading-title elementor-size-default\">&gt;<\/div>\t\t\t\t<\/div>\n\t\t\t\t<\/div>\n\t\t\t\t<div class=\"elementor-element elementor-element-b64ca68 elementor-widget elementor-widget-heading\" data-id=\"b64ca68\" data-element_type=\"widget\" data-e-type=\"widget\" data-widget_type=\"heading.default\">\n\t\t\t\t<div class=\"elementor-widget-container\">\n\t\t\t\t\t<div class=\"elementor-heading-title elementor-size-default\"><a href=\"https:\/\/www.erzeni.com\/sq\/media\/\">Media<\/a><\/div>\t\t\t\t<\/div>\n\t\t\t\t<\/div>\n\t\t\t\t<div class=\"elementor-element elementor-element-2361dce elementor-widget elementor-widget-heading\" data-id=\"2361dce\" data-element_type=\"widget\" data-e-type=\"widget\" data-widget_type=\"heading.default\">\n\t\t\t\t<div class=\"elementor-widget-container\">\n\t\t\t\t\t<div class=\"elementor-heading-title elementor-size-default\">&gt;<\/div>\t\t\t\t<\/div>\n\t\t\t\t<\/div>\n\t\t\t\t<div class=\"elementor-element elementor-element-504f198 elementor-widget elementor-widget-heading\" data-id=\"504f198\" data-element_type=\"widget\" data-e-type=\"widget\" data-widget_type=\"heading.default\">\n\t\t\t\t<div class=\"elementor-widget-container\">\n\t\t\t\t\t<div class=\"elementor-heading-title elementor-size-default\">Donacionet<\/div>\t\t\t\t<\/div>\n\t\t\t\t<\/div>\n\t\t\t\t<\/div>\n\t\t\t\t\t<\/div>\n\t\t\t\t<\/div>\n\t\t<div class=\"elementor-element elementor-element-d391b11 e-flex e-con-boxed wpr-equal-height-no e-con e-parent\" data-id=\"d391b11\" data-element_type=\"container\" data-e-type=\"container\">\n\t\t\t\t\t<div class=\"e-con-inner\">\n\t\t<div class=\"elementor-element elementor-element-98d09d3 e-grid e-con-full wpr-equal-height-no e-con e-child\" data-id=\"98d09d3\" data-element_type=\"container\" data-e-type=\"container\">\n\t\t<div class=\"elementor-element elementor-element-cd99713 e-con-full e-flex wpr-equal-height-no e-con e-child\" data-id=\"cd99713\" data-element_type=\"container\" data-e-type=\"container\">\n\t\t\t\t<div class=\"elementor-element elementor-element-0202c1f elementor-widget elementor-widget-image\" data-id=\"0202c1f\" data-element_type=\"widget\" data-e-type=\"widget\" data-widget_type=\"image.default\">\n\t\t\t\t<div class=\"elementor-widget-container\">\n\t\t\t\t\t\t\t\t\t\t\t\t\t\t\t<img fetchpriority=\"high\" decoding=\"async\" width=\"800\" height=\"584\" src=\"https:\/\/www.erzeni.com\/wp-content\/uploads\/2024\/06\/nene-tereza.jpeg\" class=\"attachment-large size-large wp-image-1074\" alt=\"\" srcset=\"https:\/\/www.erzeni.com\/wp-content\/uploads\/2024\/06\/nene-tereza.jpeg 895w, https:\/\/www.erzeni.com\/wp-content\/uploads\/2024\/06\/nene-tereza-300x219.jpeg 300w, https:\/\/www.erzeni.com\/wp-content\/uploads\/2024\/06\/nene-tereza-768x560.jpeg 768w, https:\/\/www.erzeni.com\/wp-content\/uploads\/2024\/06\/nene-tereza-16x12.jpeg 16w\" sizes=\"(max-width: 800px) 100vw, 800px\" \/>\t\t\t\t\t\t\t\t\t\t\t\t\t\t\t<\/div>\n\t\t\t\t<\/div>\n\t\t\t\t<\/div>\n\t\t<div class=\"elementor-element elementor-element-f5a6bfd e-con-full e-flex wpr-equal-height-no e-con e-child\" data-id=\"f5a6bfd\" data-element_type=\"container\" data-e-type=\"container\">\n\t\t\t\t<div class=\"elementor-element elementor-element-4db2cd5 elementor-widget elementor-widget-heading\" data-id=\"4db2cd5\" data-element_type=\"widget\" data-e-type=\"widget\" data-widget_type=\"heading.default\">\n\t\t\t\t<div class=\"elementor-widget-container\">\n\t\t\t\t\t<p class=\"elementor-heading-title elementor-size-default\">24 Mars 2020<\/p>\t\t\t\t<\/div>\n\t\t\t\t<\/div>\n\t\t\t\t<div class=\"elementor-element elementor-element-85af8e8 elementor-widget elementor-widget-heading\" data-id=\"85af8e8\" data-element_type=\"widget\" data-e-type=\"widget\" data-widget_type=\"heading.default\">\n\t\t\t\t<div class=\"elementor-widget-container\">\n\t\t\t\t\t<h2 class=\"elementor-heading-title elementor-size-default\">Kompania Erzeni dhuron 10,000 euro n\u00eb Spitalin e Universitar \"N\u00ebn\u00eb Tereza\"\n<\/h2>\t\t\t\t<\/div>\n\t\t\t\t<\/div>\n\t\t\t\t<div class=\"elementor-element elementor-element-34826c0 elementor-widget elementor-widget-text-editor\" data-id=\"34826c0\" data-element_type=\"widget\" data-e-type=\"widget\" data-widget_type=\"text-editor.default\">\n\t\t\t\t<div class=\"elementor-widget-container\">\n\t\t\t\t\t\t\t\t\tErzeni, i ka ofruar nj\u00eb donacion prej 10 mij\u00eb euro Spitalit Universitar \"N\u00ebn\u00eb Tereza\". Ky kontribut u ofrua p\u00ebr t\u00eb p\u00ebrballuar situat\u00ebn e v\u00ebshtir\u00eb n\u00eb t\u00eb cil\u00ebn vendi yn\u00eb po p\u00ebrballej gjat\u00eb pandemis\u00eb s\u00eb virusit Corona.\t\t\t\t\t\t\t\t<\/div>\n\t\t\t\t<\/div>\n\t\t\t\t<\/div>\n\t\t<div class=\"elementor-element elementor-element-3333aed e-con-full e-flex wpr-equal-height-no e-con e-child\" data-id=\"3333aed\" data-element_type=\"container\" data-e-type=\"container\">\n\t\t\t\t<div class=\"elementor-element elementor-element-b65edc5 elementor-widget elementor-widget-image\" data-id=\"b65edc5\" data-element_type=\"widget\" data-e-type=\"widget\" data-widget_type=\"image.default\">\n\t\t\t\t<div class=\"elementor-widget-container\">\n\t\t\t\t\t\t\t\t\t\t\t\t\t\t\t<img decoding=\"async\" width=\"800\" height=\"502\" src=\"https:\/\/www.erzeni.com\/wp-content\/uploads\/2024\/06\/kos.jpg\" class=\"attachment-large size-large wp-image-1073\" alt=\"\" srcset=\"https:\/\/www.erzeni.com\/wp-content\/uploads\/2024\/06\/kos.jpg 1024w, https:\/\/www.erzeni.com\/wp-content\/uploads\/2024\/06\/kos-300x188.jpg 300w, https:\/\/www.erzeni.com\/wp-content\/uploads\/2024\/06\/kos-768x482.jpg 768w, https:\/\/www.erzeni.com\/wp-content\/uploads\/2024\/06\/kos-18x12.jpg 18w\" sizes=\"(max-width: 800px) 100vw, 800px\" \/>\t\t\t\t\t\t\t\t\t\t\t\t\t\t\t<\/div>\n\t\t\t\t<\/div>\n\t\t\t\t<\/div>\n\t\t<div class=\"elementor-element elementor-element-35b8681 e-con-full e-flex wpr-equal-height-no e-con e-child\" data-id=\"35b8681\" data-element_type=\"container\" data-e-type=\"container\">\n\t\t\t\t<div class=\"elementor-element elementor-element-15a9274 elementor-widget elementor-widget-heading\" data-id=\"15a9274\" data-element_type=\"widget\" data-e-type=\"widget\" data-widget_type=\"heading.default\">\n\t\t\t\t<div class=\"elementor-widget-container\">\n\t\t\t\t\t<p class=\"elementor-heading-title elementor-size-default\">1 Qershor 2022<\/p>\t\t\t\t<\/div>\n\t\t\t\t<\/div>\n\t\t\t\t<div class=\"elementor-element elementor-element-aedc911 elementor-widget elementor-widget-heading\" data-id=\"aedc911\" data-element_type=\"widget\" data-e-type=\"widget\" data-widget_type=\"heading.default\">\n\t\t\t\t<div class=\"elementor-widget-container\">\n\t\t\t\t\t<h2 class=\"elementor-heading-title elementor-size-default\">KOMPANIA ERZENI Zbardh N\u00ebn\u00eb Terez\u00ebn m\u00eb 1 Qershor!<\/h2>\t\t\t\t<\/div>\n\t\t\t\t<\/div>\n\t\t\t\t<div class=\"elementor-element elementor-element-f4aad49 elementor-widget elementor-widget-text-editor\" data-id=\"f4aad49\" data-element_type=\"widget\" data-e-type=\"widget\" data-widget_type=\"text-editor.default\">\n\t\t\t\t<div class=\"elementor-widget-container\">\n\t\t\t\t\t\t\t\t\t<p>1 Qershor \u00ebsht\u00eb Dita Nd\u00ebrkomb\u00ebtare e F\u00ebmij\u00ebve, ku fokusi \u00ebsht\u00eb tek t\u00eb drejtat dhe mir\u00ebqenia e tyre.<\/p><p>Kjo dit\u00eb synon t\u00eb ngrit\u00eb nd\u00ebrgjegjen p\u00ebr t\u00eb drejtat e f\u00ebmij\u00ebve, p\u00ebrmbushjen e nevojave p\u00ebr mbijetes\u00eb, rritje, pjes\u00ebmarrje, zhvillimin e potencialit dhe p\u00ebrmir\u00ebsimin e jet\u00ebs p\u00ebr t\u00eb gjith\u00eb f\u00ebmij\u00ebt n\u00eb bot\u00eb. F\u00ebmij\u00ebt mund t\u00eb jen\u00eb t\u00eb ekspozuar ndaj abuzimit, viktimizimit nga t\u00eb rriturit, uris\u00eb, munges\u00ebs s\u00eb kushteve socio-ekonomike p\u00ebr nj\u00eb jet\u00eb t\u00eb sh\u00ebndetshme dhe aktive, prandaj kjo dit\u00eb sh\u00ebnon nj\u00eb moment festimi p\u00ebr t\u00eb gjith\u00eb f\u00ebmij\u00ebt.<\/p><p>P\u00ebrve\u00e7 shum\u00eb aktiviteteve t\u00eb k\u00ebsaj dite dhe kujdesit t\u00eb p\u00ebrditsh\u00ebm p\u00ebr ta, nj\u00eb nga faktor\u00ebt kryesor\u00eb q\u00eb ndikon n\u00eb mir\u00ebqenien dhe sh\u00ebndetin e tyre \u00ebsht\u00eb ushqimi i mir\u00eb.<\/p><p>P\u00ebr ta rritur me sh\u00ebndet \u00ebsht\u00eb e r\u00ebnd\u00ebsishme t\u00eb hahen ushqimet e sh\u00ebndetshme dhe t\u00eb sigurta.<\/p><p>Duke qen\u00eb pjes\u00eb e buz\u00ebqeshjeve t\u00eb f\u00ebmij\u00ebve sot, kompania Erzeni ka menduar q\u00eb t\u00eb b\u00ebj\u00eb k\u00ebt\u00eb dit\u00eb t\u00eb shijshme dhe t\u00eb sh\u00ebndetshme p\u00ebr f\u00ebmij\u00ebt.<\/p><p>N\u00eb t\u00eb gjitha institucionet rezidenciale t\u00eb kujdesit t\u00eb f\u00ebmij\u00ebve n\u00eb Shqip\u00ebri, do t\u00eb dhurohet jogurt me fruta me shijet m\u00eb t\u00eb p\u00eblqyera nga ta (qershi, ananase, boronica, etj.).<\/p><p>Nj\u00eb iniciativ\u00eb e nxitur nga d\u00ebshira p\u00ebr t\u00eb rritur f\u00ebmij\u00eb t\u00eb sh\u00ebndetsh\u00ebm q\u00eb ndajn\u00eb momente t\u00eb lumtura.<\/p><p>Kompania Erzeni gjithashtu garantoi q\u00eb produktet e saj nuk do t\u00eb mungonin. \"S\u00ebbashku do ta b\u00ebjm\u00eb, jemi me ju\".<\/p>\t\t\t\t\t\t\t\t<\/div>\n\t\t\t\t<\/div>\n\t\t\t\t<\/div>\n\t\t\t\t<\/div>\n\t\t\t\t\t<\/div>\n\t\t\t\t<\/div>\n\t\t\t\t<\/div>","protected":false},"excerpt":{"rendered":"<p>Donations Erzeni &gt; Media &gt; Donations March 24, 2020 Erzeni Company donates 10,000 euros to the University Hospital &#8220;Mother Teresa&#8221; Our company Erzeni, in collaboration with GIZ Albania, starts this new year by supporting farmers in the Gjirokast\u00ebr region. Erzeni has offered a donation of 10,000 euros to the University Hospital \u201cMother Teresa.\u201d This contribution was provided to address the challenging situation our country was facing during the coronavirus pandemic. In order to ensure the best quality in the market, we have distributed stainless steel equipment for the transportation of milk to over 100 farmers in Gjirokast\u00ebr. June 1, 2022 ERZENI COMPANY Celebrates International Children&#8217;s Day! June 1st is International Children\u2019s Day, where the focus is on their rights and well-being. This day aims to raise awareness about the rights of children, fulfilling their needs for survival, growth, participation, unlocking their potential, and improving life for all children worldwide. Children may be exposed to abuse, victimization by adults, hunger, lack of socio-economic conditions for a healthy and active life, so this day marks a celebration for all children. In addition to the various activities on this day and daily care for them, one of the key factors influencing their well-being and health is good nutrition. To promote their health, it is important to consume healthy and safe foods. Being part of children\u2019s smiles today, Erzeni Company has thought to make this day enjoyable and healthy for children. In all residential care institutions for children in Albania, yogurt with fruits, with their favorite flavors (cherry, pineapple, strawberry, etc.), will be donated. An initiative driven by the desire to raise healthy children who share happy moments. Erzeni Company also ensured that its products would not be missed. \u201cTogether we will do it, we are with you.\u201d<\/p>","protected":false},"author":2,"featured_media":0,"parent":0,"menu_order":0,"comment_status":"closed","ping_status":"closed","template":"elementor_canvas","meta":{"nf_dc_page":"","footnotes":""},"class_list":["post-314","page","type-page","status-publish","hentry"],"yoast_head":"<!-- This site is optimized with the Yoast SEO plugin v27.4 - https:\/\/yoast.com\/product\/yoast-seo-wordpress\/ -->\n<title>Donations - Erzeni<\/title>\n<meta name=\"description\" content=\"Erzeni farmer support program helps local farmers with training, fair partnerships, and sustainable dairy practices.\" \/>\n<meta name=\"robots\" content=\"index, follow, max-snippet:-1, max-image-preview:large, max-video-preview:-1\" \/>\n<link rel=\"canonical\" href=\"https:\/\/www.erzeni.com\/sq\/donations\/\" \/>\n<meta property=\"og:locale\" content=\"sq_AL\" \/>\n<meta property=\"og:type\" content=\"article\" \/>\n<meta property=\"og:title\" content=\"Donations - Erzeni\" \/>\n<meta property=\"og:description\" content=\"Erzeni farmer support program helps local farmers with training, fair partnerships, and sustainable dairy practices.\" \/>\n<meta property=\"og:url\" content=\"https:\/\/www.erzeni.com\/sq\/donations\/\" \/>\n<meta property=\"og:site_name\" content=\"Erzeni\" \/>\n<meta property=\"article:modified_time\" content=\"2025-10-22T18:38:00+00:00\" \/>\n<meta property=\"og:image\" content=\"https:\/\/www.erzeni.com\/wp-content\/uploads\/2024\/06\/nene-tereza.jpeg\" \/>\n\t<meta property=\"og:image:width\" content=\"895\" \/>\n\t<meta property=\"og:image:height\" content=\"653\" \/>\n\t<meta property=\"og:image:type\" content=\"image\/jpeg\" \/>\n<meta name=\"twitter:card\" content=\"summary_large_image\" \/>\n<meta name=\"twitter:label1\" content=\"Est. reading time\" \/>\n\t<meta name=\"twitter:data1\" content=\"2 minuta\" \/>\n<script type=\"application\/ld+json\" class=\"yoast-schema-graph\">{\"@context\":\"https:\\\/\\\/schema.org\",\"@graph\":[{\"@type\":\"WebPage\",\"@id\":\"https:\\\/\\\/www.erzeni.com\\\/donations\\\/\",\"url\":\"https:\\\/\\\/www.erzeni.com\\\/donations\\\/\",\"name\":\"Donations - Erzeni\",\"isPartOf\":{\"@id\":\"https:\\\/\\\/www.erzeni.com\\\/#website\"},\"primaryImageOfPage\":{\"@id\":\"https:\\\/\\\/www.erzeni.com\\\/donations\\\/#primaryimage\"},\"image\":{\"@id\":\"https:\\\/\\\/www.erzeni.com\\\/donations\\\/#primaryimage\"},\"thumbnailUrl\":\"https:\\\/\\\/www.erzeni.com\\\/wp-content\\\/uploads\\\/2024\\\/06\\\/nene-tereza.jpeg\",\"datePublished\":\"2024-06-15T21:50:28+00:00\",\"dateModified\":\"2025-10-22T18:38:00+00:00\",\"description\":\"Erzeni farmer support program helps local farmers with training, fair partnerships, and sustainable dairy practices.\",\"breadcrumb\":{\"@id\":\"https:\\\/\\\/www.erzeni.com\\\/donations\\\/#breadcrumb\"},\"inLanguage\":\"sq\",\"potentialAction\":[{\"@type\":\"ReadAction\",\"target\":[\"https:\\\/\\\/www.erzeni.com\\\/donations\\\/\"]}]},{\"@type\":\"ImageObject\",\"inLanguage\":\"sq\",\"@id\":\"https:\\\/\\\/www.erzeni.com\\\/donations\\\/#primaryimage\",\"url\":\"https:\\\/\\\/www.erzeni.com\\\/wp-content\\\/uploads\\\/2024\\\/06\\\/nene-tereza.jpeg\",\"contentUrl\":\"https:\\\/\\\/www.erzeni.com\\\/wp-content\\\/uploads\\\/2024\\\/06\\\/nene-tereza.jpeg\"},{\"@type\":\"BreadcrumbList\",\"@id\":\"https:\\\/\\\/www.erzeni.com\\\/donations\\\/#breadcrumb\",\"itemListElement\":[{\"@type\":\"ListItem\",\"position\":1,\"name\":\"Home\",\"item\":\"https:\\\/\\\/www.erzeni.com\\\/\"},{\"@type\":\"ListItem\",\"position\":2,\"name\":\"Donations\"}]},{\"@type\":\"WebSite\",\"@id\":\"https:\\\/\\\/www.erzeni.com\\\/#website\",\"url\":\"https:\\\/\\\/www.erzeni.com\\\/\",\"name\":\"Erzeni\",\"description\":\"\",\"publisher\":{\"@id\":\"https:\\\/\\\/www.erzeni.com\\\/#organization\"},\"potentialAction\":[{\"@type\":\"SearchAction\",\"target\":{\"@type\":\"EntryPoint\",\"urlTemplate\":\"https:\\\/\\\/www.erzeni.com\\\/?s={search_term_string}\"},\"query-input\":{\"@type\":\"PropertyValueSpecification\",\"valueRequired\":true,\"valueName\":\"search_term_string\"}}],\"inLanguage\":\"sq\"},{\"@type\":\"Organization\",\"@id\":\"https:\\\/\\\/www.erzeni.com\\\/#organization\",\"name\":\"Erzeni\",\"url\":\"https:\\\/\\\/www.erzeni.com\\\/\",\"logo\":{\"@type\":\"ImageObject\",\"inLanguage\":\"sq\",\"@id\":\"https:\\\/\\\/www.erzeni.com\\\/#\\\/schema\\\/logo\\\/image\\\/\",\"url\":\"https:\\\/\\\/www.erzeni.com\\\/wp-content\\\/uploads\\\/2025\\\/01\\\/erzenimini.png\",\"contentUrl\":\"https:\\\/\\\/www.erzeni.com\\\/wp-content\\\/uploads\\\/2025\\\/01\\\/erzenimini.png\",\"width\":300,\"height\":198,\"caption\":\"Erzeni\"},\"image\":{\"@id\":\"https:\\\/\\\/www.erzeni.com\\\/#\\\/schema\\\/logo\\\/image\\\/\"}}]}<\/script>\n<!-- \/ Yoast SEO plugin. -->","yoast_head_json":{"title":"Donations - Erzeni","description":"Erzeni farmer support program helps local farmers with training, fair partnerships, and sustainable dairy practices.","robots":{"index":"index","follow":"follow","max-snippet":"max-snippet:-1","max-image-preview":"max-image-preview:large","max-video-preview":"max-video-preview:-1"},"canonical":"https:\/\/www.erzeni.com\/sq\/donations\/","og_locale":"sq_AL","og_type":"article","og_title":"Donations - Erzeni","og_description":"Erzeni farmer support program helps local farmers with training, fair partnerships, and sustainable dairy practices.","og_url":"https:\/\/www.erzeni.com\/sq\/donations\/","og_site_name":"Erzeni","article_modified_time":"2025-10-22T18:38:00+00:00","og_image":[{"width":895,"height":653,"url":"https:\/\/www.erzeni.com\/wp-content\/uploads\/2024\/06\/nene-tereza.jpeg","type":"image\/jpeg"}],"twitter_card":"summary_large_image","twitter_misc":{"Est. reading time":"2 minuta"},"schema":{"@context":"https:\/\/schema.org","@graph":[{"@type":"WebPage","@id":"https:\/\/www.erzeni.com\/donations\/","url":"https:\/\/www.erzeni.com\/donations\/","name":"Donations - Erzeni","isPartOf":{"@id":"https:\/\/www.erzeni.com\/#website"},"primaryImageOfPage":{"@id":"https:\/\/www.erzeni.com\/donations\/#primaryimage"},"image":{"@id":"https:\/\/www.erzeni.com\/donations\/#primaryimage"},"thumbnailUrl":"https:\/\/www.erzeni.com\/wp-content\/uploads\/2024\/06\/nene-tereza.jpeg","datePublished":"2024-06-15T21:50:28+00:00","dateModified":"2025-10-22T18:38:00+00:00","description":"Erzeni farmer support program helps local farmers with training, fair partnerships, and sustainable dairy practices.","breadcrumb":{"@id":"https:\/\/www.erzeni.com\/donations\/#breadcrumb"},"inLanguage":"sq","potentialAction":[{"@type":"ReadAction","target":["https:\/\/www.erzeni.com\/donations\/"]}]},{"@type":"ImageObject","inLanguage":"sq","@id":"https:\/\/www.erzeni.com\/donations\/#primaryimage","url":"https:\/\/www.erzeni.com\/wp-content\/uploads\/2024\/06\/nene-tereza.jpeg","contentUrl":"https:\/\/www.erzeni.com\/wp-content\/uploads\/2024\/06\/nene-tereza.jpeg"},{"@type":"BreadcrumbList","@id":"https:\/\/www.erzeni.com\/donations\/#breadcrumb","itemListElement":[{"@type":"ListItem","position":1,"name":"Home","item":"https:\/\/www.erzeni.com\/"},{"@type":"ListItem","position":2,"name":"Donations"}]},{"@type":"WebSite","@id":"https:\/\/www.erzeni.com\/#website","url":"https:\/\/www.erzeni.com\/","name":"Erzeni","description":"","publisher":{"@id":"https:\/\/www.erzeni.com\/#organization"},"potentialAction":[{"@type":"SearchAction","target":{"@type":"EntryPoint","urlTemplate":"https:\/\/www.erzeni.com\/?s={search_term_string}"},"query-input":{"@type":"PropertyValueSpecification","valueRequired":true,"valueName":"search_term_string"}}],"inLanguage":"sq"},{"@type":"Organization","@id":"https:\/\/www.erzeni.com\/#organization","name":"Erzeni","url":"https:\/\/www.erzeni.com\/","logo":{"@type":"ImageObject","inLanguage":"sq","@id":"https:\/\/www.erzeni.com\/#\/schema\/logo\/image\/","url":"https:\/\/www.erzeni.com\/wp-content\/uploads\/2025\/01\/erzenimini.png","contentUrl":"https:\/\/www.erzeni.com\/wp-content\/uploads\/2025\/01\/erzenimini.png","width":300,"height":198,"caption":"Erzeni"},"image":{"@id":"https:\/\/www.erzeni.com\/#\/schema\/logo\/image\/"}}]}},"_links":{"self":[{"href":"https:\/\/www.erzeni.com\/sq\/wp-json\/wp\/v2\/pages\/314","targetHints":{"allow":["GET"]}}],"collection":[{"href":"https:\/\/www.erzeni.com\/sq\/wp-json\/wp\/v2\/pages"}],"about":[{"href":"https:\/\/www.erzeni.com\/sq\/wp-json\/wp\/v2\/types\/page"}],"author":[{"embeddable":true,"href":"https:\/\/www.erzeni.com\/sq\/wp-json\/wp\/v2\/users\/2"}],"replies":[{"embeddable":true,"href":"https:\/\/www.erzeni.com\/sq\/wp-json\/wp\/v2\/comments?post=314"}],"version-history":[{"count":5,"href":"https:\/\/www.erzeni.com\/sq\/wp-json\/wp\/v2\/pages\/314\/revisions"}],"predecessor-version":[{"id":2597,"href":"https:\/\/www.erzeni.com\/sq\/wp-json\/wp\/v2\/pages\/314\/revisions\/2597"}],"wp:attachment":[{"href":"https:\/\/www.erzeni.com\/sq\/wp-json\/wp\/v2\/media?parent=314"}],"curies":[{"name":"wp","href":"https:\/\/api.w.org\/{rel}","templated":true}]}}