{"id":312,"date":"2024-06-15T21:50:20","date_gmt":"2024-06-15T21:50:20","guid":{"rendered":"https:\/\/www.erzeni.com\/?page_id=312"},"modified":"2025-09-16T18:35:52","modified_gmt":"2025-09-16T18:35:52","slug":"farmer-support","status":"publish","type":"page","link":"https:\/\/www.erzeni.com\/sq\/farmer-support\/","title":{"rendered":"Suporti ndaj fermer\u00ebve"},"content":{"rendered":"<div data-elementor-type=\"wp-page\" data-elementor-id=\"312\" class=\"elementor elementor-312\">\n\t\t\t\t<div class=\"elementor-element elementor-element-b771d25 e-flex e-con-boxed wpr-equal-height-no e-con e-parent\" data-id=\"b771d25\" data-element_type=\"container\" data-e-type=\"container\" data-settings=\"{&quot;background_background&quot;:&quot;video&quot;,&quot;background_video_link&quot;:&quot;https:\\\/\\\/www.erzeni.com\\\/wp-content\\\/uploads\\\/2024\\\/06\\\/mbeshtetja-fermereve.mp4&quot;,&quot;background_play_on_mobile&quot;:&quot;yes&quot;}\">\n\t\t\t\t\t<div class=\"e-con-inner\">\n\t\t<div class=\"elementor-background-video-container\">\n\t\t\t\t\t\t\t<video class=\"elementor-background-video-hosted\" role=\"presentation\" autoplay muted playsinline loop><\/video>\n\t\t\t\t\t<\/div>\t\t<div class=\"elementor-element elementor-element-f6477ca elementor-widget elementor-widget-heading\" data-id=\"f6477ca\" data-element_type=\"widget\" data-e-type=\"widget\" data-widget_type=\"heading.default\">\n\t\t\t\t<div class=\"elementor-widget-container\">\n\t\t\t\t\t<h1 class=\"elementor-heading-title elementor-size-default\">Suporti ndaj fermer\u00ebve<\/h1>\t\t\t\t<\/div>\n\t\t\t\t<\/div>\n\t\t<div class=\"elementor-element elementor-element-e892295 e-con-full e-flex wpr-equal-height-no e-con e-child\" data-id=\"e892295\" data-element_type=\"container\" data-e-type=\"container\">\n\t\t\t\t<div class=\"elementor-element elementor-element-7bfc24c elementor-widget elementor-widget-heading\" data-id=\"7bfc24c\" data-element_type=\"widget\" data-e-type=\"widget\" data-widget_type=\"heading.default\">\n\t\t\t\t<div class=\"elementor-widget-container\">\n\t\t\t\t\t<div class=\"elementor-heading-title elementor-size-default\"><a href=\"https:\/\/www.erzeni.com\/sq\/\">Erzeni<\/a><\/div>\t\t\t\t<\/div>\n\t\t\t\t<\/div>\n\t\t\t\t<div class=\"elementor-element elementor-element-6c03d5f elementor-widget elementor-widget-heading\" data-id=\"6c03d5f\" data-element_type=\"widget\" data-e-type=\"widget\" data-widget_type=\"heading.default\">\n\t\t\t\t<div class=\"elementor-widget-container\">\n\t\t\t\t\t<div class=\"elementor-heading-title elementor-size-default\">&gt;<\/div>\t\t\t\t<\/div>\n\t\t\t\t<\/div>\n\t\t\t\t<div class=\"elementor-element elementor-element-f85a1bd elementor-widget elementor-widget-heading\" data-id=\"f85a1bd\" data-element_type=\"widget\" data-e-type=\"widget\" data-widget_type=\"heading.default\">\n\t\t\t\t<div class=\"elementor-widget-container\">\n\t\t\t\t\t<div class=\"elementor-heading-title elementor-size-default\"><a href=\"https:\/\/www.erzeni.com\/sq\/media\/\">Media<\/a><\/div>\t\t\t\t<\/div>\n\t\t\t\t<\/div>\n\t\t\t\t<div class=\"elementor-element elementor-element-3811fb5 elementor-widget elementor-widget-heading\" data-id=\"3811fb5\" data-element_type=\"widget\" data-e-type=\"widget\" data-widget_type=\"heading.default\">\n\t\t\t\t<div class=\"elementor-widget-container\">\n\t\t\t\t\t<div class=\"elementor-heading-title elementor-size-default\">&gt;<\/div>\t\t\t\t<\/div>\n\t\t\t\t<\/div>\n\t\t\t\t<div class=\"elementor-element elementor-element-925a0aa elementor-widget elementor-widget-heading\" data-id=\"925a0aa\" data-element_type=\"widget\" data-e-type=\"widget\" data-widget_type=\"heading.default\">\n\t\t\t\t<div class=\"elementor-widget-container\">\n\t\t\t\t\t<div class=\"elementor-heading-title elementor-size-default\">Suporti ndaj fermer\u00ebve<\/div>\t\t\t\t<\/div>\n\t\t\t\t<\/div>\n\t\t\t\t<\/div>\n\t\t\t\t\t<\/div>\n\t\t\t\t<\/div>\n\t\t<div class=\"elementor-element elementor-element-56f5544 e-flex e-con-boxed wpr-equal-height-no e-con e-parent\" data-id=\"56f5544\" data-element_type=\"container\" data-e-type=\"container\">\n\t\t\t\t\t<div class=\"e-con-inner\">\n\t\t<div class=\"elementor-element elementor-element-47b1dc0 e-con-full e-flex wpr-equal-height-no elementor-invisible e-con e-child\" data-id=\"47b1dc0\" data-element_type=\"container\" data-e-type=\"container\" data-settings=\"{&quot;animation&quot;:&quot;fadeInLeft&quot;,&quot;animation_mobile&quot;:&quot;fadeInLeft&quot;}\">\n\t\t<div class=\"elementor-element elementor-element-f246928 e-grid e-con-full wpr-equal-height-no e-con e-child\" data-id=\"f246928\" data-element_type=\"container\" data-e-type=\"container\">\n\t\t<div class=\"elementor-element elementor-element-21572f7 e-con-full e-flex wpr-equal-height-no e-con e-child\" data-id=\"21572f7\" data-element_type=\"container\" data-e-type=\"container\">\n\t\t\t\t<div class=\"elementor-element elementor-element-48a9688 elementor-widget elementor-widget-image\" data-id=\"48a9688\" data-element_type=\"widget\" data-e-type=\"widget\" data-widget_type=\"image.default\">\n\t\t\t\t<div class=\"elementor-widget-container\">\n\t\t\t\t\t\t\t\t\t\t\t\t\t\t\t<img fetchpriority=\"high\" decoding=\"async\" width=\"800\" height=\"534\" src=\"https:\/\/www.erzeni.com\/wp-content\/uploads\/2024\/06\/LOGO-1-1024x683-1.png\" class=\"attachment-large size-large wp-image-216\" alt=\"\" srcset=\"https:\/\/www.erzeni.com\/wp-content\/uploads\/2024\/06\/LOGO-1-1024x683-1.png 1024w, https:\/\/www.erzeni.com\/wp-content\/uploads\/2024\/06\/LOGO-1-1024x683-1-300x200.png 300w, https:\/\/www.erzeni.com\/wp-content\/uploads\/2024\/06\/LOGO-1-1024x683-1-768x512.png 768w\" sizes=\"(max-width: 800px) 100vw, 800px\" \/>\t\t\t\t\t\t\t\t\t\t\t\t\t\t\t<\/div>\n\t\t\t\t<\/div>\n\t\t\t\t<div class=\"elementor-element elementor-element-4d4d42f elementor-widget elementor-widget-text-editor\" data-id=\"4d4d42f\" data-element_type=\"widget\" data-e-type=\"widget\" data-widget_type=\"text-editor.default\">\n\t\t\t\t<div class=\"elementor-widget-container\">\n\t\t\t\t\t\t\t\t\t<p>N\u00eb bashk\u00ebpunim me:<\/p>\t\t\t\t\t\t\t\t<\/div>\n\t\t\t\t<\/div>\n\t\t\t\t<\/div>\n\t\t<div class=\"elementor-element elementor-element-495498e e-con-full e-flex wpr-equal-height-no e-con e-child\" data-id=\"495498e\" data-element_type=\"container\" data-e-type=\"container\">\n\t\t\t\t<div class=\"elementor-element elementor-element-2959cde elementor-widget elementor-widget-image\" data-id=\"2959cde\" data-element_type=\"widget\" data-e-type=\"widget\" data-widget_type=\"image.default\">\n\t\t\t\t<div class=\"elementor-widget-container\">\n\t\t\t\t\t\t\t\t\t\t\t\t\t\t\t<img decoding=\"async\" width=\"401\" height=\"341\" src=\"https:\/\/www.erzeni.com\/wp-content\/uploads\/2024\/06\/giz.png\" class=\"attachment-large size-large wp-image-1059\" alt=\"\" srcset=\"https:\/\/www.erzeni.com\/wp-content\/uploads\/2024\/06\/giz.png 401w, https:\/\/www.erzeni.com\/wp-content\/uploads\/2024\/06\/giz-300x255.png 300w, https:\/\/www.erzeni.com\/wp-content\/uploads\/2024\/06\/giz-14x12.png 14w\" sizes=\"(max-width: 401px) 100vw, 401px\" \/>\t\t\t\t\t\t\t\t\t\t\t\t\t\t\t<\/div>\n\t\t\t\t<\/div>\n\t\t\t\t<\/div>\n\t\t\t\t<\/div>\n\t\t\t\t<\/div>\n\t\t<div class=\"elementor-element elementor-element-0a7cd01 e-con-full e-flex wpr-equal-height-no elementor-invisible e-con e-child\" data-id=\"0a7cd01\" data-element_type=\"container\" data-e-type=\"container\" data-settings=\"{&quot;animation&quot;:&quot;fadeInRight&quot;,&quot;animation_mobile&quot;:&quot;fadeInLeft&quot;}\">\n\t\t\t\t<div class=\"elementor-element elementor-element-5253848 elementor-widget elementor-widget-heading\" data-id=\"5253848\" data-element_type=\"widget\" data-e-type=\"widget\" data-widget_type=\"heading.default\">\n\t\t\t\t<div class=\"elementor-widget-container\">\n\t\t\t\t\t<h2 class=\"elementor-heading-title elementor-size-default\">Bashk\u00ebpunimi<\/h2>\t\t\t\t<\/div>\n\t\t\t\t<\/div>\n\t\t\t\t<div class=\"elementor-element elementor-element-fd3ab3d elementor-widget elementor-widget-heading\" data-id=\"fd3ab3d\" data-element_type=\"widget\" data-e-type=\"widget\" data-widget_type=\"heading.default\">\n\t\t\t\t<div class=\"elementor-widget-container\">\n\t\t\t\t\t<h3 class=\"elementor-heading-title elementor-size-default\">Konsumator\u00ebt dhe Fermer\u00ebt jan\u00eb t\u00eb par\u00ebt<\/h3>\t\t\t\t<\/div>\n\t\t\t\t<\/div>\n\t\t\t\t<div class=\"elementor-element elementor-element-9505647 elementor-widget elementor-widget-text-editor\" data-id=\"9505647\" data-element_type=\"widget\" data-e-type=\"widget\" data-widget_type=\"text-editor.default\">\n\t\t\t\t<div class=\"elementor-widget-container\">\n\t\t\t\t\t\t\t\t\t<p>Our company Erzeni, in collaboration with\u00a0<a href=\"https:\/\/www.giz.de\/en\/regions\/europe\/albania\" target=\"_blank\" rel=\"noopener\">GIZ Albania<\/a>, starts this new year by supporting farmers in the Gjirokast\u00ebr region.<\/p><p>N\u00eb m\u00ebnyr\u00eb q\u00eb t\u00eb garantojm\u00eb cil\u00ebsin\u00eb m\u00eb t\u00eb mir\u00eb n\u00eb treg, mund\u00ebm t\u00eb shp\u00ebrndanim tek m\u00eb shum\u00eb se 100 fermer\u00eb n\u00eb Gjirokast\u00ebr, pajisje inoksi p\u00ebr transportin e qum\u00ebshtit.<\/p>\t\t\t\t\t\t\t\t<\/div>\n\t\t\t\t<\/div>\n\t\t<div class=\"elementor-element elementor-element-eab7339 e-con-full e-flex wpr-equal-height-no e-con e-child\" data-id=\"eab7339\" data-element_type=\"container\" data-e-type=\"container\">\n\t\t\t\t<div class=\"elementor-element elementor-element-85c797b elementor-widget elementor-widget-jkit_video_button\" data-id=\"85c797b\" data-element_type=\"widget\" data-e-type=\"widget\" data-widget_type=\"jkit_video_button.default\">\n\t\t\t\t<div class=\"elementor-widget-container\">\n\t\t\t\t\t<div  class=\"jeg-elementor-kit jkit-video-button jeg_module___69ea3b0386a03\"  data-autoplay=\"0\" data-loop=\"0\" data-controls=\"1\" data-type=\"self_hosted\" data-mute=\"0\" data-title=\"0\" data-portrait=\"0\" data-byline=\"0\" data-unique-id=\"jkit_video_button_jeg_module___69ea3b0386a03\"><a href=\"#jkit_video_button_jeg_module___69ea3b0386a03\" class=\"jkit-video-popup-btn glow-enable\" aria-label=\"video-button\"><span class=\"icon-position-before\"><svg viewbox=\"0 0 448 512\" xmlns=\"http:\/\/www.w3.org\/2000\/svg\"><path d=\"M424.4 214.7L72.4 6.6C43.8-10.3 0 6.1 0 47.9V464c0 37.5 40.7 60.1 72.4 41.3l352-208c31.4-18.5 31.5-64.1 0-82.6z\"><\/path><\/svg><\/span><\/a><template id=\"jkit_video_button_jeg_module___69ea3b0386a03\" class=\"jkit-video-self-hosted mfp-hide\"><video  controls height=\"720\" width=\"1280\" src=\"https:\/\/www.erzeni.com\/wp-content\/uploads\/2024\/06\/mbeshtetja-fermereve.mp4\" ><\/video><\/template><\/div>\t\t\t\t<\/div>\n\t\t\t\t<\/div>\n\t\t\t\t<div class=\"elementor-element elementor-element-3f33d99 elementor-widget elementor-widget-heading\" data-id=\"3f33d99\" data-element_type=\"widget\" data-e-type=\"widget\" data-widget_type=\"heading.default\">\n\t\t\t\t<div class=\"elementor-widget-container\">\n\t\t\t\t\t<div class=\"elementor-heading-title elementor-size-default\">Shiko Videon<\/div>\t\t\t\t<\/div>\n\t\t\t\t<\/div>\n\t\t\t\t<\/div>\n\t\t\t\t<\/div>\n\t\t\t\t\t<\/div>\n\t\t\t\t<\/div>\n\t\t<div class=\"elementor-element elementor-element-b919796 e-flex e-con-boxed wpr-equal-height-no e-con e-parent\" data-id=\"b919796\" data-element_type=\"container\" data-e-type=\"container\">\n\t\t\t\t\t<div class=\"e-con-inner\">\n\t\t<div class=\"elementor-element elementor-element-4c05e75 e-con-full e-flex wpr-equal-height-no elementor-invisible e-con e-child\" data-id=\"4c05e75\" data-element_type=\"container\" data-e-type=\"container\" data-settings=\"{&quot;animation&quot;:&quot;fadeInLeft&quot;,&quot;animation_mobile&quot;:&quot;fadeInLeft&quot;}\">\n\t\t\t\t<div class=\"elementor-element elementor-element-ed70667 elementor-widget elementor-widget-heading\" data-id=\"ed70667\" data-element_type=\"widget\" data-e-type=\"widget\" data-widget_type=\"heading.default\">\n\t\t\t\t<div class=\"elementor-widget-container\">\n\t\t\t\t\t<h2 class=\"elementor-heading-title elementor-size-default\">Suporti Yn\u00eb<\/h2>\t\t\t\t<\/div>\n\t\t\t\t<\/div>\n\t\t\t\t<div class=\"elementor-element elementor-element-46ad7fd elementor-widget elementor-widget-heading\" data-id=\"46ad7fd\" data-element_type=\"widget\" data-e-type=\"widget\" data-widget_type=\"heading.default\">\n\t\t\t\t<div class=\"elementor-widget-container\">\n\t\t\t\t\t<h3 class=\"elementor-heading-title elementor-size-default\">Kontenier\u00eb Inoksi<\/h3>\t\t\t\t<\/div>\n\t\t\t\t<\/div>\n\t\t\t\t<div class=\"elementor-element elementor-element-e91b588 elementor-widget elementor-widget-text-editor\" data-id=\"e91b588\" data-element_type=\"widget\" data-e-type=\"widget\" data-widget_type=\"text-editor.default\">\n\t\t\t\t<div class=\"elementor-widget-container\">\n\t\t\t\t\t\t\t\t\t<p>Kontejner\u00ebt e inoksit, klasifikohen si materialet m\u00eb t\u00eb mira p\u00ebr ruajtjen e qum\u00ebshtit, n\u00eb m\u00ebnyr\u00eb t\u00eb sigurt dhe t\u00eb sh\u00ebndetshme p\u00ebr nj\u00eb periudh\u00eb t\u00eb gjat\u00eb. K\u00ebto pajisje shum\u00eb higjenike mund\u00ebsojn\u00eb nj\u00eb mbyllje hermetike, duke siguruar ruajtjen e qum\u00ebshtit gjat\u00eb gjith\u00eb procesit t\u00eb transportit, nga ferma n\u00eb kompanin\u00eb ton\u00eb.<\/p>\t\t\t\t\t\t\t\t<\/div>\n\t\t\t\t<\/div>\n\t\t\t\t<div class=\"elementor-element elementor-element-6bdf043 elementor-widget elementor-widget-text-editor\" data-id=\"6bdf043\" data-element_type=\"widget\" data-e-type=\"widget\" data-widget_type=\"text-editor.default\">\n\t\t\t\t<div class=\"elementor-widget-container\">\n\t\t\t\t\t\t\t\t\t<p>P\u00ebr ne, konsumator\u00ebt dhe fermer\u00ebt vijn\u00eb gjithmon\u00eb t\u00eb par\u00ebt!<\/p>\t\t\t\t\t\t\t\t<\/div>\n\t\t\t\t<\/div>\n\t\t\t\t<\/div>\n\t\t<div class=\"elementor-element elementor-element-45b6d97 e-con-full e-flex wpr-equal-height-no elementor-invisible e-con e-child\" data-id=\"45b6d97\" data-element_type=\"container\" data-e-type=\"container\" data-settings=\"{&quot;animation&quot;:&quot;fadeInRight&quot;,&quot;animation_mobile&quot;:&quot;fadeInLeft&quot;}\">\n\t\t\t\t<div class=\"elementor-element elementor-element-888b318 elementor-widget elementor-widget-image\" data-id=\"888b318\" data-element_type=\"widget\" data-e-type=\"widget\" data-widget_type=\"image.default\">\n\t\t\t\t<div class=\"elementor-widget-container\">\n\t\t\t\t\t\t\t\t\t\t\t\t\t\t\t<img decoding=\"async\" width=\"800\" height=\"445\" src=\"https:\/\/www.erzeni.com\/wp-content\/uploads\/2024\/06\/containers-1024x569-1.png\" class=\"attachment-large size-large wp-image-238\" alt=\"\" srcset=\"https:\/\/www.erzeni.com\/wp-content\/uploads\/2024\/06\/containers-1024x569-1.png 1024w, https:\/\/www.erzeni.com\/wp-content\/uploads\/2024\/06\/containers-1024x569-1-300x167.png 300w, https:\/\/www.erzeni.com\/wp-content\/uploads\/2024\/06\/containers-1024x569-1-768x427.png 768w\" sizes=\"(max-width: 800px) 100vw, 800px\" \/>\t\t\t\t\t\t\t\t\t\t\t\t\t\t\t<\/div>\n\t\t\t\t<\/div>\n\t\t\t\t<\/div>\n\t\t\t\t\t<\/div>\n\t\t\t\t<\/div>\n\t\t\t\t<\/div>","protected":false},"excerpt":{"rendered":"<p>Farmer Support Erzeni &gt; Media &gt; Farmer Support In collaboration with: The Collaboration Consumers and Farmers come first Our company Erzeni, in collaboration with\u00a0GIZ Albania, starts this new year by supporting farmers in the Gjirokast\u00ebr region. In order to ensure the best quality in the market, we have distributed stainless steel equipment for the transportation of milk to over 100 farmers in Gjirokast\u00ebr. Play Video Our Support Stainless Steel Containers Stainless steel containers are classified as the best materials for preserving milk, safely and healthily, for an extended period. These highly hygienic devices enable a hermetic seal, ensuring the preservation of milk throughout the transportation process, from the farm to our company. For us, consumers and farmers always come first!<\/p>","protected":false},"author":2,"featured_media":0,"parent":0,"menu_order":0,"comment_status":"closed","ping_status":"closed","template":"elementor_canvas","meta":{"nf_dc_page":"","footnotes":""},"class_list":["post-312","page","type-page","status-publish","hentry"],"yoast_head":"<!-- This site is optimized with the Yoast SEO plugin v27.4 - https:\/\/yoast.com\/product\/yoast-seo-wordpress\/ -->\n<title>Farmer Support - Erzeni<\/title>\n<meta name=\"description\" content=\"Erzeni farmer support program helps local farmers with training, fair partnerships, and sustainable dairy practices\" \/>\n<meta name=\"robots\" content=\"index, follow, max-snippet:-1, max-image-preview:large, max-video-preview:-1\" \/>\n<link rel=\"canonical\" href=\"https:\/\/www.erzeni.com\/sq\/farmer-support\/\" \/>\n<meta property=\"og:locale\" content=\"sq_AL\" \/>\n<meta property=\"og:type\" content=\"article\" \/>\n<meta property=\"og:title\" content=\"Farmer Support - Erzeni\" \/>\n<meta property=\"og:description\" content=\"Erzeni farmer support program helps local farmers with training, fair partnerships, and sustainable dairy practices\" \/>\n<meta property=\"og:url\" content=\"https:\/\/www.erzeni.com\/sq\/farmer-support\/\" \/>\n<meta property=\"og:site_name\" content=\"Erzeni\" \/>\n<meta property=\"article:modified_time\" content=\"2025-09-16T18:35:52+00:00\" \/>\n<meta property=\"og:image\" content=\"https:\/\/www.erzeni.com\/wp-content\/uploads\/2024\/06\/LOGO-1-1024x683-1.png\" \/>\n\t<meta property=\"og:image:width\" content=\"1024\" \/>\n\t<meta property=\"og:image:height\" content=\"683\" \/>\n\t<meta property=\"og:image:type\" content=\"image\/png\" \/>\n<meta name=\"twitter:card\" content=\"summary_large_image\" \/>\n<meta name=\"twitter:label1\" content=\"Est. reading time\" \/>\n\t<meta name=\"twitter:data1\" content=\"2 minuta\" \/>\n<script type=\"application\/ld+json\" class=\"yoast-schema-graph\">{\"@context\":\"https:\\\/\\\/schema.org\",\"@graph\":[{\"@type\":\"WebPage\",\"@id\":\"https:\\\/\\\/www.erzeni.com\\\/farmer-support\\\/\",\"url\":\"https:\\\/\\\/www.erzeni.com\\\/farmer-support\\\/\",\"name\":\"Farmer Support - Erzeni\",\"isPartOf\":{\"@id\":\"https:\\\/\\\/www.erzeni.com\\\/#website\"},\"primaryImageOfPage\":{\"@id\":\"https:\\\/\\\/www.erzeni.com\\\/farmer-support\\\/#primaryimage\"},\"image\":{\"@id\":\"https:\\\/\\\/www.erzeni.com\\\/farmer-support\\\/#primaryimage\"},\"thumbnailUrl\":\"https:\\\/\\\/www.erzeni.com\\\/wp-content\\\/uploads\\\/2024\\\/06\\\/LOGO-1-1024x683-1.png\",\"datePublished\":\"2024-06-15T21:50:20+00:00\",\"dateModified\":\"2025-09-16T18:35:52+00:00\",\"description\":\"Erzeni farmer support program helps local farmers with training, fair partnerships, and sustainable dairy practices\",\"breadcrumb\":{\"@id\":\"https:\\\/\\\/www.erzeni.com\\\/farmer-support\\\/#breadcrumb\"},\"inLanguage\":\"sq\",\"potentialAction\":[{\"@type\":\"ReadAction\",\"target\":[\"https:\\\/\\\/www.erzeni.com\\\/farmer-support\\\/\"]}]},{\"@type\":\"ImageObject\",\"inLanguage\":\"sq\",\"@id\":\"https:\\\/\\\/www.erzeni.com\\\/farmer-support\\\/#primaryimage\",\"url\":\"https:\\\/\\\/www.erzeni.com\\\/wp-content\\\/uploads\\\/2024\\\/06\\\/LOGO-1-1024x683-1.png\",\"contentUrl\":\"https:\\\/\\\/www.erzeni.com\\\/wp-content\\\/uploads\\\/2024\\\/06\\\/LOGO-1-1024x683-1.png\"},{\"@type\":\"BreadcrumbList\",\"@id\":\"https:\\\/\\\/www.erzeni.com\\\/farmer-support\\\/#breadcrumb\",\"itemListElement\":[{\"@type\":\"ListItem\",\"position\":1,\"name\":\"Home\",\"item\":\"https:\\\/\\\/www.erzeni.com\\\/\"},{\"@type\":\"ListItem\",\"position\":2,\"name\":\"Farmer Support\"}]},{\"@type\":\"WebSite\",\"@id\":\"https:\\\/\\\/www.erzeni.com\\\/#website\",\"url\":\"https:\\\/\\\/www.erzeni.com\\\/\",\"name\":\"Erzeni\",\"description\":\"\",\"publisher\":{\"@id\":\"https:\\\/\\\/www.erzeni.com\\\/#organization\"},\"potentialAction\":[{\"@type\":\"SearchAction\",\"target\":{\"@type\":\"EntryPoint\",\"urlTemplate\":\"https:\\\/\\\/www.erzeni.com\\\/?s={search_term_string}\"},\"query-input\":{\"@type\":\"PropertyValueSpecification\",\"valueRequired\":true,\"valueName\":\"search_term_string\"}}],\"inLanguage\":\"sq\"},{\"@type\":\"Organization\",\"@id\":\"https:\\\/\\\/www.erzeni.com\\\/#organization\",\"name\":\"Erzeni\",\"url\":\"https:\\\/\\\/www.erzeni.com\\\/\",\"logo\":{\"@type\":\"ImageObject\",\"inLanguage\":\"sq\",\"@id\":\"https:\\\/\\\/www.erzeni.com\\\/#\\\/schema\\\/logo\\\/image\\\/\",\"url\":\"https:\\\/\\\/www.erzeni.com\\\/wp-content\\\/uploads\\\/2025\\\/01\\\/erzenimini.png\",\"contentUrl\":\"https:\\\/\\\/www.erzeni.com\\\/wp-content\\\/uploads\\\/2025\\\/01\\\/erzenimini.png\",\"width\":300,\"height\":198,\"caption\":\"Erzeni\"},\"image\":{\"@id\":\"https:\\\/\\\/www.erzeni.com\\\/#\\\/schema\\\/logo\\\/image\\\/\"}}]}<\/script>\n<!-- \/ Yoast SEO plugin. -->","yoast_head_json":{"title":"Farmer Support - Erzeni","description":"Erzeni farmer support program helps local farmers with training, fair partnerships, and sustainable dairy practices","robots":{"index":"index","follow":"follow","max-snippet":"max-snippet:-1","max-image-preview":"max-image-preview:large","max-video-preview":"max-video-preview:-1"},"canonical":"https:\/\/www.erzeni.com\/sq\/farmer-support\/","og_locale":"sq_AL","og_type":"article","og_title":"Farmer Support - Erzeni","og_description":"Erzeni farmer support program helps local farmers with training, fair partnerships, and sustainable dairy practices","og_url":"https:\/\/www.erzeni.com\/sq\/farmer-support\/","og_site_name":"Erzeni","article_modified_time":"2025-09-16T18:35:52+00:00","og_image":[{"width":1024,"height":683,"url":"https:\/\/www.erzeni.com\/wp-content\/uploads\/2024\/06\/LOGO-1-1024x683-1.png","type":"image\/png"}],"twitter_card":"summary_large_image","twitter_misc":{"Est. reading time":"2 minuta"},"schema":{"@context":"https:\/\/schema.org","@graph":[{"@type":"WebPage","@id":"https:\/\/www.erzeni.com\/farmer-support\/","url":"https:\/\/www.erzeni.com\/farmer-support\/","name":"Farmer Support - Erzeni","isPartOf":{"@id":"https:\/\/www.erzeni.com\/#website"},"primaryImageOfPage":{"@id":"https:\/\/www.erzeni.com\/farmer-support\/#primaryimage"},"image":{"@id":"https:\/\/www.erzeni.com\/farmer-support\/#primaryimage"},"thumbnailUrl":"https:\/\/www.erzeni.com\/wp-content\/uploads\/2024\/06\/LOGO-1-1024x683-1.png","datePublished":"2024-06-15T21:50:20+00:00","dateModified":"2025-09-16T18:35:52+00:00","description":"Erzeni farmer support program helps local farmers with training, fair partnerships, and sustainable dairy practices","breadcrumb":{"@id":"https:\/\/www.erzeni.com\/farmer-support\/#breadcrumb"},"inLanguage":"sq","potentialAction":[{"@type":"ReadAction","target":["https:\/\/www.erzeni.com\/farmer-support\/"]}]},{"@type":"ImageObject","inLanguage":"sq","@id":"https:\/\/www.erzeni.com\/farmer-support\/#primaryimage","url":"https:\/\/www.erzeni.com\/wp-content\/uploads\/2024\/06\/LOGO-1-1024x683-1.png","contentUrl":"https:\/\/www.erzeni.com\/wp-content\/uploads\/2024\/06\/LOGO-1-1024x683-1.png"},{"@type":"BreadcrumbList","@id":"https:\/\/www.erzeni.com\/farmer-support\/#breadcrumb","itemListElement":[{"@type":"ListItem","position":1,"name":"Home","item":"https:\/\/www.erzeni.com\/"},{"@type":"ListItem","position":2,"name":"Farmer Support"}]},{"@type":"WebSite","@id":"https:\/\/www.erzeni.com\/#website","url":"https:\/\/www.erzeni.com\/","name":"Erzeni","description":"","publisher":{"@id":"https:\/\/www.erzeni.com\/#organization"},"potentialAction":[{"@type":"SearchAction","target":{"@type":"EntryPoint","urlTemplate":"https:\/\/www.erzeni.com\/?s={search_term_string}"},"query-input":{"@type":"PropertyValueSpecification","valueRequired":true,"valueName":"search_term_string"}}],"inLanguage":"sq"},{"@type":"Organization","@id":"https:\/\/www.erzeni.com\/#organization","name":"Erzeni","url":"https:\/\/www.erzeni.com\/","logo":{"@type":"ImageObject","inLanguage":"sq","@id":"https:\/\/www.erzeni.com\/#\/schema\/logo\/image\/","url":"https:\/\/www.erzeni.com\/wp-content\/uploads\/2025\/01\/erzenimini.png","contentUrl":"https:\/\/www.erzeni.com\/wp-content\/uploads\/2025\/01\/erzenimini.png","width":300,"height":198,"caption":"Erzeni"},"image":{"@id":"https:\/\/www.erzeni.com\/#\/schema\/logo\/image\/"}}]}},"_links":{"self":[{"href":"https:\/\/www.erzeni.com\/sq\/wp-json\/wp\/v2\/pages\/312","targetHints":{"allow":["GET"]}}],"collection":[{"href":"https:\/\/www.erzeni.com\/sq\/wp-json\/wp\/v2\/pages"}],"about":[{"href":"https:\/\/www.erzeni.com\/sq\/wp-json\/wp\/v2\/types\/page"}],"author":[{"embeddable":true,"href":"https:\/\/www.erzeni.com\/sq\/wp-json\/wp\/v2\/users\/2"}],"replies":[{"embeddable":true,"href":"https:\/\/www.erzeni.com\/sq\/wp-json\/wp\/v2\/comments?post=312"}],"version-history":[{"count":5,"href":"https:\/\/www.erzeni.com\/sq\/wp-json\/wp\/v2\/pages\/312\/revisions"}],"predecessor-version":[{"id":2304,"href":"https:\/\/www.erzeni.com\/sq\/wp-json\/wp\/v2\/pages\/312\/revisions\/2304"}],"wp:attachment":[{"href":"https:\/\/www.erzeni.com\/sq\/wp-json\/wp\/v2\/media?parent=312"}],"curies":[{"name":"wp","href":"https:\/\/api.w.org\/{rel}","templated":true}]}}