{"id":308,"date":"2024-06-15T21:50:02","date_gmt":"2024-06-15T21:50:02","guid":{"rendered":"https:\/\/www.erzeni.com\/?page_id=308"},"modified":"2025-09-16T19:30:09","modified_gmt":"2025-09-16T19:30:09","slug":"renewable-energy","status":"publish","type":"page","link":"https:\/\/www.erzeni.com\/sq\/renewable-energy\/","title":{"rendered":"Energjia e rinovueshme"},"content":{"rendered":"<div data-elementor-type=\"wp-page\" data-elementor-id=\"308\" class=\"elementor elementor-308\">\n\t\t\t\t<div class=\"elementor-element elementor-element-6c55682 e-flex e-con-boxed wpr-equal-height-no e-con e-parent\" data-id=\"6c55682\" data-element_type=\"container\" data-e-type=\"container\" data-settings=\"{&quot;background_background&quot;:&quot;video&quot;,&quot;background_video_link&quot;:&quot;https:\\\/\\\/www.erzeni.com\\\/wp-content\\\/uploads\\\/2024\\\/06\\\/ENERGJIA-E-RINOVUESHME.mp4&quot;,&quot;background_play_on_mobile&quot;:&quot;yes&quot;}\">\n\t\t\t\t\t<div class=\"e-con-inner\">\n\t\t<div class=\"elementor-background-video-container\">\n\t\t\t\t\t\t\t<video class=\"elementor-background-video-hosted\" role=\"presentation\" autoplay muted playsinline loop><\/video>\n\t\t\t\t\t<\/div>\t\t<div class=\"elementor-element elementor-element-2550ea9 elementor-widget elementor-widget-heading\" data-id=\"2550ea9\" data-element_type=\"widget\" data-e-type=\"widget\" data-widget_type=\"heading.default\">\n\t\t\t\t<div class=\"elementor-widget-container\">\n\t\t\t\t\t<h1 class=\"elementor-heading-title elementor-size-default\">Energjia e rinovueshme<\/h1>\t\t\t\t<\/div>\n\t\t\t\t<\/div>\n\t\t<div class=\"elementor-element elementor-element-d87b412 e-con-full e-flex wpr-equal-height-no e-con e-child\" data-id=\"d87b412\" data-element_type=\"container\" data-e-type=\"container\">\n\t\t\t\t<div class=\"elementor-element elementor-element-8e25cee elementor-widget elementor-widget-heading\" data-id=\"8e25cee\" data-element_type=\"widget\" data-e-type=\"widget\" data-widget_type=\"heading.default\">\n\t\t\t\t<div class=\"elementor-widget-container\">\n\t\t\t\t\t<div class=\"elementor-heading-title elementor-size-default\"><a href=\"https:\/\/www.erzeni.com\/sq\/\">Erzeni<\/a><\/div>\t\t\t\t<\/div>\n\t\t\t\t<\/div>\n\t\t\t\t<div class=\"elementor-element elementor-element-ad4113f elementor-widget elementor-widget-heading\" data-id=\"ad4113f\" data-element_type=\"widget\" data-e-type=\"widget\" data-widget_type=\"heading.default\">\n\t\t\t\t<div class=\"elementor-widget-container\">\n\t\t\t\t\t<div class=\"elementor-heading-title elementor-size-default\">&gt;<\/div>\t\t\t\t<\/div>\n\t\t\t\t<\/div>\n\t\t\t\t<div class=\"elementor-element elementor-element-1caba07 elementor-widget elementor-widget-heading\" data-id=\"1caba07\" data-element_type=\"widget\" data-e-type=\"widget\" data-widget_type=\"heading.default\">\n\t\t\t\t<div class=\"elementor-widget-container\">\n\t\t\t\t\t<div class=\"elementor-heading-title elementor-size-default\"><a href=\"https:\/\/www.erzeni.com\/sq\/factory\/\">Fabrika<\/a><\/div>\t\t\t\t<\/div>\n\t\t\t\t<\/div>\n\t\t\t\t<div class=\"elementor-element elementor-element-90771a4 elementor-widget elementor-widget-heading\" data-id=\"90771a4\" data-element_type=\"widget\" data-e-type=\"widget\" data-widget_type=\"heading.default\">\n\t\t\t\t<div class=\"elementor-widget-container\">\n\t\t\t\t\t<div class=\"elementor-heading-title elementor-size-default\">&gt;<\/div>\t\t\t\t<\/div>\n\t\t\t\t<\/div>\n\t\t\t\t<div class=\"elementor-element elementor-element-2c739f4 elementor-widget elementor-widget-heading\" data-id=\"2c739f4\" data-element_type=\"widget\" data-e-type=\"widget\" data-widget_type=\"heading.default\">\n\t\t\t\t<div class=\"elementor-widget-container\">\n\t\t\t\t\t<div class=\"elementor-heading-title elementor-size-default\">Energjia e rinovueshme<\/div>\t\t\t\t<\/div>\n\t\t\t\t<\/div>\n\t\t\t\t<\/div>\n\t\t\t\t\t<\/div>\n\t\t\t\t<\/div>\n\t\t<div class=\"elementor-element elementor-element-3ede5aa e-flex e-con-boxed wpr-equal-height-no elementor-invisible e-con e-parent\" data-id=\"3ede5aa\" data-element_type=\"container\" data-e-type=\"container\" data-settings=\"{&quot;animation&quot;:&quot;fadeIn&quot;}\">\n\t\t\t\t\t<div class=\"e-con-inner\">\n\t\t<div class=\"elementor-element elementor-element-a76eb27 e-con-full e-flex wpr-equal-height-no elementor-invisible e-con e-child\" data-id=\"a76eb27\" data-element_type=\"container\" data-e-type=\"container\" data-settings=\"{&quot;animation&quot;:&quot;fadeInLeft&quot;}\">\n\t\t\t\t<div class=\"elementor-element elementor-element-d745769 elementor-widget elementor-widget-heading\" data-id=\"d745769\" data-element_type=\"widget\" data-e-type=\"widget\" data-widget_type=\"heading.default\">\n\t\t\t\t<div class=\"elementor-widget-container\">\n\t\t\t\t\t<h2 class=\"elementor-heading-title elementor-size-default\">Energjia<\/h2>\t\t\t\t<\/div>\n\t\t\t\t<\/div>\n\t\t\t\t<div class=\"elementor-element elementor-element-9384e7c elementor-widget elementor-widget-heading\" data-id=\"9384e7c\" data-element_type=\"widget\" data-e-type=\"widget\" data-widget_type=\"heading.default\">\n\t\t\t\t<div class=\"elementor-widget-container\">\n\t\t\t\t\t<h3 class=\"elementor-heading-title elementor-size-default\">Burim i Past\u00ebr Energjie<\/h3>\t\t\t\t<\/div>\n\t\t\t\t<\/div>\n\t\t\t\t<div class=\"elementor-element elementor-element-bba4e1f elementor-widget elementor-widget-text-editor\" data-id=\"bba4e1f\" data-element_type=\"widget\" data-e-type=\"widget\" data-widget_type=\"text-editor.default\">\n\t\t\t\t<div class=\"elementor-widget-container\">\n\t\t\t\t\t\t\t\t\t<p>Kompania jon\u00eb merr p\u00ebrgjegj\u00ebsin\u00eb mjedisore seriozisht duke shfryt\u00ebzuar energjin\u00eb e past\u00ebr dhe t\u00eb rinovueshme p\u00ebrmes p\u00ebrdorimit t\u00eb gjer\u00eb t\u00eb paneleve diellore. Panelet tona diellore furnizojn\u00eb kompanin\u00eb me nj\u00eb burim energjie t\u00eb past\u00ebr duke eliminuar \u00e7do emetim t\u00eb gazeve t\u00eb d\u00ebmsh\u00ebm nga procesi i prodhimit t\u00eb energjis\u00eb. Kjo qasje e miq\u00ebsuar me mjedisin, jo vet\u00ebm q\u00eb zvog\u00eblon ndjesh\u00ebm gjurm\u00ebn e karbonit, por gjithashtu vendos nj\u00eb standard shembullor p\u00ebr praktikat e korporatave t\u00eb p\u00ebrgjegjshme. Panelat diellore shfryt\u00ebzojn\u00eb me efikasitet energjin\u00eb diellore, duke e konvertuar at\u00eb n\u00eb nj\u00eb burim energjie t\u00eb besueshme dhe t\u00eb efektshme edhe nga pik\u00ebpamja e kostove.<\/p>\t\t\t\t\t\t\t\t<\/div>\n\t\t\t\t<\/div>\n\t\t\t\t<\/div>\n\t\t\t\t\t<\/div>\n\t\t\t\t<\/div>\n\t\t<div class=\"elementor-element elementor-element-bdd52d8 e-flex e-con-boxed wpr-equal-height-no elementor-invisible e-con e-parent\" data-id=\"bdd52d8\" data-element_type=\"container\" data-e-type=\"container\" data-settings=\"{&quot;background_background&quot;:&quot;classic&quot;,&quot;animation&quot;:&quot;fadeIn&quot;}\">\n\t\t\t\t\t<div class=\"e-con-inner\">\n\t\t\t\t\t<\/div>\n\t\t\t\t<\/div>\n\t\t<div class=\"elementor-element elementor-element-8b2bece e-flex e-con-boxed wpr-equal-height-no elementor-invisible e-con e-parent\" data-id=\"8b2bece\" data-element_type=\"container\" data-e-type=\"container\" data-settings=\"{&quot;background_background&quot;:&quot;gradient&quot;,&quot;animation&quot;:&quot;fadeIn&quot;}\">\n\t\t\t\t\t<div class=\"e-con-inner\">\n\t\t<div class=\"elementor-element elementor-element-35f4951 e-con-full e-flex wpr-equal-height-no elementor-invisible e-con e-child\" data-id=\"35f4951\" data-element_type=\"container\" data-e-type=\"container\" data-settings=\"{&quot;animation&quot;:&quot;fadeInLeft&quot;}\">\n\t\t\t\t<div class=\"elementor-element elementor-element-cab77ae elementor-widget elementor-widget-heading\" data-id=\"cab77ae\" data-element_type=\"widget\" data-e-type=\"widget\" data-widget_type=\"heading.default\">\n\t\t\t\t<div class=\"elementor-widget-container\">\n\t\t\t\t\t<h2 class=\"elementor-heading-title elementor-size-default\">P\u00ebrgjegj\u00ebsia Sociale<\/h2>\t\t\t\t<\/div>\n\t\t\t\t<\/div>\n\t\t\t\t<div class=\"elementor-element elementor-element-231cffb elementor-widget elementor-widget-heading\" data-id=\"231cffb\" data-element_type=\"widget\" data-e-type=\"widget\" data-widget_type=\"heading.default\">\n\t\t\t\t<div class=\"elementor-widget-container\">\n\t\t\t\t\t<h3 class=\"elementor-heading-title elementor-size-default\">Ndotja dhe Riciklimi<\/h3>\t\t\t\t<\/div>\n\t\t\t\t<\/div>\n\t\t\t\t<div class=\"elementor-element elementor-element-aef17e8 elementor-widget elementor-widget-text-editor\" data-id=\"aef17e8\" data-element_type=\"widget\" data-e-type=\"widget\" data-widget_type=\"text-editor.default\">\n\t\t\t\t<div class=\"elementor-widget-container\">\n\t\t\t\t\t\t\t\t\t<p>Materialet e paketimit jan\u00eb t\u00eb gjitha t\u00eb riciklueshme. Gjithashtu, materialet e paketimit t\u00eb p\u00ebrdorura p\u00ebr produktet tona, jan\u00eb t\u00eb kontrolluara dhe t\u00eb pajisura me \u00e7ertifikat\u00eb t\u00eb p\u00ebrshtatshm\u00ebris\u00eb s\u00eb materialit t\u00eb tyre p\u00ebr kontakt me ushqimin. Materialet e paketimit q\u00eb p\u00ebdoren, jan\u00eb cil\u00ebsore, q\u00eb t\u00eb ruajn\u00eb karakteristikat e produkteve si shijen, freskin\u00eb dhe cil\u00ebsit\u00eb organo-leptike unike t\u00eb tyre.<\/p>\t\t\t\t\t\t\t\t<\/div>\n\t\t\t\t<\/div>\n\t\t\t\t<\/div>\n\t\t\t\t\t<\/div>\n\t\t\t\t<\/div>\n\t\t\t\t<\/div>","protected":false},"excerpt":{"rendered":"<p>Renewable Energy Erzeni &gt; Factory &gt; Renewable Energy Energy Clean Energy Source Our company takes environmental responsibility seriously by harnessing clean and renewable energy through extensive use of solar panels. Our solar panels provide the company with a clean energy source, eliminating any emissions of harmful gases from the energy production process. This environmentally-friendly approach not only significantly reduces the carbon footprint but also sets an exemplary standard for responsible corporate practices. The solar panels efficiently harness solar energy, converting it into a reliable and cost-effective energy source. Social Responsibility Sustainability Packaging materials are all recyclable. Additionally, the packaging materials used for our products are monitored and equipped with certificates ensuring their suitability for contact with food. The packaging materials used are of high quality to preserve the characteristics of the products, such as their taste, freshness, and unique organoleptic qualities.<\/p>","protected":false},"author":2,"featured_media":0,"parent":0,"menu_order":0,"comment_status":"closed","ping_status":"closed","template":"elementor_canvas","meta":{"nf_dc_page":"","footnotes":""},"class_list":["post-308","page","type-page","status-publish","hentry"],"yoast_head":"<!-- This site is optimized with the Yoast SEO plugin v27.4 - https:\/\/yoast.com\/product\/yoast-seo-wordpress\/ -->\n<title>Renewable Energy - Erzeni<\/title>\n<meta name=\"description\" content=\"Erzeni invests in renewable energy to power production sustainably, reducing environmental impact for a greener future.\" \/>\n<meta name=\"robots\" content=\"index, follow, max-snippet:-1, max-image-preview:large, max-video-preview:-1\" \/>\n<link rel=\"canonical\" href=\"https:\/\/www.erzeni.com\/sq\/renewable-energy\/\" \/>\n<meta property=\"og:locale\" content=\"sq_AL\" \/>\n<meta property=\"og:type\" content=\"article\" \/>\n<meta property=\"og:title\" content=\"Renewable Energy - Erzeni\" \/>\n<meta property=\"og:description\" content=\"Erzeni invests in renewable energy to power production sustainably, reducing environmental impact for a greener future.\" \/>\n<meta property=\"og:url\" content=\"https:\/\/www.erzeni.com\/sq\/renewable-energy\/\" \/>\n<meta property=\"og:site_name\" content=\"Erzeni\" \/>\n<meta property=\"article:modified_time\" content=\"2025-09-16T19:30:09+00:00\" \/>\n<meta name=\"twitter:card\" content=\"summary_large_image\" \/>\n<meta name=\"twitter:label1\" content=\"Est. reading time\" \/>\n\t<meta name=\"twitter:data1\" content=\"1 minut\u00eb\" \/>\n<script type=\"application\/ld+json\" class=\"yoast-schema-graph\">{\"@context\":\"https:\\\/\\\/schema.org\",\"@graph\":[{\"@type\":\"WebPage\",\"@id\":\"https:\\\/\\\/www.erzeni.com\\\/renewable-energy\\\/\",\"url\":\"https:\\\/\\\/www.erzeni.com\\\/renewable-energy\\\/\",\"name\":\"Renewable Energy - Erzeni\",\"isPartOf\":{\"@id\":\"https:\\\/\\\/www.erzeni.com\\\/#website\"},\"datePublished\":\"2024-06-15T21:50:02+00:00\",\"dateModified\":\"2025-09-16T19:30:09+00:00\",\"description\":\"Erzeni invests in renewable energy to power production sustainably, reducing environmental impact for a greener future.\",\"breadcrumb\":{\"@id\":\"https:\\\/\\\/www.erzeni.com\\\/renewable-energy\\\/#breadcrumb\"},\"inLanguage\":\"sq\",\"potentialAction\":[{\"@type\":\"ReadAction\",\"target\":[\"https:\\\/\\\/www.erzeni.com\\\/renewable-energy\\\/\"]}]},{\"@type\":\"BreadcrumbList\",\"@id\":\"https:\\\/\\\/www.erzeni.com\\\/renewable-energy\\\/#breadcrumb\",\"itemListElement\":[{\"@type\":\"ListItem\",\"position\":1,\"name\":\"Home\",\"item\":\"https:\\\/\\\/www.erzeni.com\\\/\"},{\"@type\":\"ListItem\",\"position\":2,\"name\":\"Renewable Energy\"}]},{\"@type\":\"WebSite\",\"@id\":\"https:\\\/\\\/www.erzeni.com\\\/#website\",\"url\":\"https:\\\/\\\/www.erzeni.com\\\/\",\"name\":\"Erzeni\",\"description\":\"\",\"publisher\":{\"@id\":\"https:\\\/\\\/www.erzeni.com\\\/#organization\"},\"potentialAction\":[{\"@type\":\"SearchAction\",\"target\":{\"@type\":\"EntryPoint\",\"urlTemplate\":\"https:\\\/\\\/www.erzeni.com\\\/?s={search_term_string}\"},\"query-input\":{\"@type\":\"PropertyValueSpecification\",\"valueRequired\":true,\"valueName\":\"search_term_string\"}}],\"inLanguage\":\"sq\"},{\"@type\":\"Organization\",\"@id\":\"https:\\\/\\\/www.erzeni.com\\\/#organization\",\"name\":\"Erzeni\",\"url\":\"https:\\\/\\\/www.erzeni.com\\\/\",\"logo\":{\"@type\":\"ImageObject\",\"inLanguage\":\"sq\",\"@id\":\"https:\\\/\\\/www.erzeni.com\\\/#\\\/schema\\\/logo\\\/image\\\/\",\"url\":\"https:\\\/\\\/www.erzeni.com\\\/wp-content\\\/uploads\\\/2025\\\/01\\\/erzenimini.png\",\"contentUrl\":\"https:\\\/\\\/www.erzeni.com\\\/wp-content\\\/uploads\\\/2025\\\/01\\\/erzenimini.png\",\"width\":300,\"height\":198,\"caption\":\"Erzeni\"},\"image\":{\"@id\":\"https:\\\/\\\/www.erzeni.com\\\/#\\\/schema\\\/logo\\\/image\\\/\"}}]}<\/script>\n<!-- \/ Yoast SEO plugin. -->","yoast_head_json":{"title":"Renewable Energy - Erzeni","description":"Erzeni invests in renewable energy to power production sustainably, reducing environmental impact for a greener future.","robots":{"index":"index","follow":"follow","max-snippet":"max-snippet:-1","max-image-preview":"max-image-preview:large","max-video-preview":"max-video-preview:-1"},"canonical":"https:\/\/www.erzeni.com\/sq\/renewable-energy\/","og_locale":"sq_AL","og_type":"article","og_title":"Renewable Energy - Erzeni","og_description":"Erzeni invests in renewable energy to power production sustainably, reducing environmental impact for a greener future.","og_url":"https:\/\/www.erzeni.com\/sq\/renewable-energy\/","og_site_name":"Erzeni","article_modified_time":"2025-09-16T19:30:09+00:00","twitter_card":"summary_large_image","twitter_misc":{"Est. reading time":"1 minut\u00eb"},"schema":{"@context":"https:\/\/schema.org","@graph":[{"@type":"WebPage","@id":"https:\/\/www.erzeni.com\/renewable-energy\/","url":"https:\/\/www.erzeni.com\/renewable-energy\/","name":"Renewable Energy - Erzeni","isPartOf":{"@id":"https:\/\/www.erzeni.com\/#website"},"datePublished":"2024-06-15T21:50:02+00:00","dateModified":"2025-09-16T19:30:09+00:00","description":"Erzeni invests in renewable energy to power production sustainably, reducing environmental impact for a greener future.","breadcrumb":{"@id":"https:\/\/www.erzeni.com\/renewable-energy\/#breadcrumb"},"inLanguage":"sq","potentialAction":[{"@type":"ReadAction","target":["https:\/\/www.erzeni.com\/renewable-energy\/"]}]},{"@type":"BreadcrumbList","@id":"https:\/\/www.erzeni.com\/renewable-energy\/#breadcrumb","itemListElement":[{"@type":"ListItem","position":1,"name":"Home","item":"https:\/\/www.erzeni.com\/"},{"@type":"ListItem","position":2,"name":"Renewable Energy"}]},{"@type":"WebSite","@id":"https:\/\/www.erzeni.com\/#website","url":"https:\/\/www.erzeni.com\/","name":"Erzeni","description":"","publisher":{"@id":"https:\/\/www.erzeni.com\/#organization"},"potentialAction":[{"@type":"SearchAction","target":{"@type":"EntryPoint","urlTemplate":"https:\/\/www.erzeni.com\/?s={search_term_string}"},"query-input":{"@type":"PropertyValueSpecification","valueRequired":true,"valueName":"search_term_string"}}],"inLanguage":"sq"},{"@type":"Organization","@id":"https:\/\/www.erzeni.com\/#organization","name":"Erzeni","url":"https:\/\/www.erzeni.com\/","logo":{"@type":"ImageObject","inLanguage":"sq","@id":"https:\/\/www.erzeni.com\/#\/schema\/logo\/image\/","url":"https:\/\/www.erzeni.com\/wp-content\/uploads\/2025\/01\/erzenimini.png","contentUrl":"https:\/\/www.erzeni.com\/wp-content\/uploads\/2025\/01\/erzenimini.png","width":300,"height":198,"caption":"Erzeni"},"image":{"@id":"https:\/\/www.erzeni.com\/#\/schema\/logo\/image\/"}}]}},"_links":{"self":[{"href":"https:\/\/www.erzeni.com\/sq\/wp-json\/wp\/v2\/pages\/308","targetHints":{"allow":["GET"]}}],"collection":[{"href":"https:\/\/www.erzeni.com\/sq\/wp-json\/wp\/v2\/pages"}],"about":[{"href":"https:\/\/www.erzeni.com\/sq\/wp-json\/wp\/v2\/types\/page"}],"author":[{"embeddable":true,"href":"https:\/\/www.erzeni.com\/sq\/wp-json\/wp\/v2\/users\/2"}],"replies":[{"embeddable":true,"href":"https:\/\/www.erzeni.com\/sq\/wp-json\/wp\/v2\/comments?post=308"}],"version-history":[{"count":5,"href":"https:\/\/www.erzeni.com\/sq\/wp-json\/wp\/v2\/pages\/308\/revisions"}],"predecessor-version":[{"id":2328,"href":"https:\/\/www.erzeni.com\/sq\/wp-json\/wp\/v2\/pages\/308\/revisions\/2328"}],"wp:attachment":[{"href":"https:\/\/www.erzeni.com\/sq\/wp-json\/wp\/v2\/media?parent=308"}],"curies":[{"name":"wp","href":"https:\/\/api.w.org\/{rel}","templated":true}]}}