{"id":306,"date":"2024-06-15T21:49:54","date_gmt":"2024-06-15T21:49:54","guid":{"rendered":"https:\/\/www.erzeni.com\/?page_id=306"},"modified":"2025-09-16T16:11:41","modified_gmt":"2025-09-16T16:11:41","slug":"distribution","status":"publish","type":"page","link":"https:\/\/www.erzeni.com\/sq\/distribution\/","title":{"rendered":"Distribucioni"},"content":{"rendered":"<div data-elementor-type=\"wp-page\" data-elementor-id=\"306\" class=\"elementor elementor-306\">\n\t\t\t\t<div class=\"elementor-element elementor-element-4849828 e-flex e-con-boxed wpr-equal-height-no e-con e-parent\" data-id=\"4849828\" data-element_type=\"container\" data-e-type=\"container\" data-settings=\"{&quot;background_background&quot;:&quot;classic&quot;}\">\n\t\t\t\t\t<div class=\"e-con-inner\">\n\t\t\t\t<div class=\"elementor-element elementor-element-cf8f68d elementor-widget elementor-widget-heading\" data-id=\"cf8f68d\" data-element_type=\"widget\" data-e-type=\"widget\" data-widget_type=\"heading.default\">\n\t\t\t\t<div class=\"elementor-widget-container\">\n\t\t\t\t\t<h2 class=\"elementor-heading-title elementor-size-default\">Distribucioni<\/h2>\t\t\t\t<\/div>\n\t\t\t\t<\/div>\n\t\t<div class=\"elementor-element elementor-element-621f69c e-con-full e-flex wpr-equal-height-no e-con e-child\" data-id=\"621f69c\" data-element_type=\"container\" data-e-type=\"container\">\n\t\t\t\t<div class=\"elementor-element elementor-element-9589ac7 elementor-widget elementor-widget-heading\" data-id=\"9589ac7\" data-element_type=\"widget\" data-e-type=\"widget\" data-widget_type=\"heading.default\">\n\t\t\t\t<div class=\"elementor-widget-container\">\n\t\t\t\t\t<h2 class=\"elementor-heading-title elementor-size-default\"><a href=\"https:\/\/www.erzeni.com\/sq\/\">Erzeni<\/a><\/h2>\t\t\t\t<\/div>\n\t\t\t\t<\/div>\n\t\t\t\t<div class=\"elementor-element elementor-element-5109a54 elementor-widget elementor-widget-heading\" data-id=\"5109a54\" data-element_type=\"widget\" data-e-type=\"widget\" data-widget_type=\"heading.default\">\n\t\t\t\t<div class=\"elementor-widget-container\">\n\t\t\t\t\t<h2 class=\"elementor-heading-title elementor-size-default\">&gt;<\/h2>\t\t\t\t<\/div>\n\t\t\t\t<\/div>\n\t\t\t\t<div class=\"elementor-element elementor-element-5e30653 elementor-widget elementor-widget-heading\" data-id=\"5e30653\" data-element_type=\"widget\" data-e-type=\"widget\" data-widget_type=\"heading.default\">\n\t\t\t\t<div class=\"elementor-widget-container\">\n\t\t\t\t\t<h2 class=\"elementor-heading-title elementor-size-default\"><a href=\"https:\/\/www.erzeni.com\/sq\/factory\/\">Fabrika<\/a><\/h2>\t\t\t\t<\/div>\n\t\t\t\t<\/div>\n\t\t\t\t<div class=\"elementor-element elementor-element-6182e2d elementor-widget elementor-widget-heading\" data-id=\"6182e2d\" data-element_type=\"widget\" data-e-type=\"widget\" data-widget_type=\"heading.default\">\n\t\t\t\t<div class=\"elementor-widget-container\">\n\t\t\t\t\t<h2 class=\"elementor-heading-title elementor-size-default\">&gt;<\/h2>\t\t\t\t<\/div>\n\t\t\t\t<\/div>\n\t\t\t\t<div class=\"elementor-element elementor-element-9889254 elementor-widget elementor-widget-heading\" data-id=\"9889254\" data-element_type=\"widget\" data-e-type=\"widget\" data-widget_type=\"heading.default\">\n\t\t\t\t<div class=\"elementor-widget-container\">\n\t\t\t\t\t<h2 class=\"elementor-heading-title elementor-size-default\">Distribucioni<\/h2>\t\t\t\t<\/div>\n\t\t\t\t<\/div>\n\t\t\t\t<\/div>\n\t\t\t\t\t<\/div>\n\t\t\t\t<\/div>\n\t\t<div class=\"elementor-element elementor-element-ba3f95a e-flex e-con-boxed wpr-equal-height-no elementor-invisible e-con e-parent\" data-id=\"ba3f95a\" data-element_type=\"container\" data-e-type=\"container\" data-settings=\"{&quot;animation&quot;:&quot;fadeIn&quot;}\">\n\t\t\t\t\t<div class=\"e-con-inner\">\n\t\t<div class=\"elementor-element elementor-element-fb02404 e-con-full e-flex wpr-equal-height-no elementor-invisible e-con e-child\" data-id=\"fb02404\" data-element_type=\"container\" data-e-type=\"container\" data-settings=\"{&quot;animation&quot;:&quot;fadeInLeft&quot;}\">\n\t\t\t\t<div class=\"elementor-element elementor-element-eb00fb5 elementor-widget elementor-widget-heading\" data-id=\"eb00fb5\" data-element_type=\"widget\" data-e-type=\"widget\" data-widget_type=\"heading.default\">\n\t\t\t\t<div class=\"elementor-widget-container\">\n\t\t\t\t\t<h2 class=\"elementor-heading-title elementor-size-default\">Distribucioni<\/h2>\t\t\t\t<\/div>\n\t\t\t\t<\/div>\n\t\t\t\t<div class=\"elementor-element elementor-element-bb72715 elementor-widget elementor-widget-heading\" data-id=\"bb72715\" data-element_type=\"widget\" data-e-type=\"widget\" data-widget_type=\"heading.default\">\n\t\t\t\t<div class=\"elementor-widget-container\">\n\t\t\t\t\t<h2 class=\"elementor-heading-title elementor-size-default\">Transport i Kontrolluar<\/h2>\t\t\t\t<\/div>\n\t\t\t\t<\/div>\n\t\t\t\t<div class=\"elementor-element elementor-element-d806e51 elementor-widget elementor-widget-text-editor\" data-id=\"d806e51\" data-element_type=\"widget\" data-e-type=\"widget\" data-widget_type=\"text-editor.default\">\n\t\t\t\t<div class=\"elementor-widget-container\">\n\t\t\t\t\t\t\t\t\tI gjith\u00eb transporti i l\u00ebnd\u00ebs s\u00eb par\u00eb, qum\u00ebshtit, kryhet n\u00eb kushte t\u00eb p\u00ebrshtatshme, duke filluar nga fermat e m\u00ebdha, t\u00eb cilat jan\u00eb t\u00eb pajisura prej nesh me tanke ftoh\u00ebs, deri tek fermer\u00ebt e vegj\u00ebl, t\u00eb cil\u00ebt i kemi pajisur me kontenier\u00eb inoksi dhe alumini. N\u00eb fermat e vogla e grumbullojm\u00eb qum\u00ebshtin dy her\u00eb n\u00eb dit\u00eb, pasi nuk kan\u00eb kushte ruajtjeje.\t\t\t\t\t\t\t\t<\/div>\n\t\t\t\t<\/div>\n\t\t\t\t<div class=\"elementor-element elementor-element-27ad4e8 elementor-align-start elementor-icon-list--layout-traditional elementor-list-item-link-full_width elementor-widget elementor-widget-icon-list\" data-id=\"27ad4e8\" data-element_type=\"widget\" data-e-type=\"widget\" data-widget_type=\"icon-list.default\">\n\t\t\t\t<div class=\"elementor-widget-container\">\n\t\t\t\t\t\t\t<ul class=\"elementor-icon-list-items\">\n\t\t\t\t\t\t\t<li class=\"elementor-icon-list-item\">\n\t\t\t\t\t\t\t\t\t\t\t<span class=\"elementor-icon-list-icon\">\n\t\t\t\t\t\t\t<svg aria-hidden=\"true\" class=\"e-font-icon-svg e-fas-check\" viewbox=\"0 0 512 512\" xmlns=\"http:\/\/www.w3.org\/2000\/svg\"><path d=\"M173.898 439.404l-166.4-166.4c-9.997-9.997-9.997-26.206 0-36.204l36.203-36.204c9.997-9.998 26.207-9.998 36.204 0L192 312.69 432.095 72.596c9.997-9.997 26.207-9.997 36.204 0l36.203 36.204c9.997 9.997 9.997 26.206 0 36.204l-294.4 294.401c-9.998 9.997-26.207 9.997-36.204-.001z\"><\/path><\/svg>\t\t\t\t\t\t<\/span>\n\t\t\t\t\t\t\t\t\t\t<span class=\"elementor-icon-list-text\">I gjith\u00eb procesi nga grumbullimi, p\u00ebrpunimi, transporti n\u00eb dyqanin tuaj m\u00eb t\u00eb af\u00ebrt, kryhet jo m\u00eb von\u00eb se 24 or\u00eb nga t\u00ebrheqja e qum\u00ebshtit nga ferma.<\/span>\n\t\t\t\t\t\t\t\t\t<\/li>\n\t\t\t\t\t\t\t\t<li class=\"elementor-icon-list-item\">\n\t\t\t\t\t\t\t\t\t\t\t<span class=\"elementor-icon-list-icon\">\n\t\t\t\t\t\t\t<svg aria-hidden=\"true\" class=\"e-font-icon-svg e-fas-check\" viewbox=\"0 0 512 512\" xmlns=\"http:\/\/www.w3.org\/2000\/svg\"><path d=\"M173.898 439.404l-166.4-166.4c-9.997-9.997-9.997-26.206 0-36.204l36.203-36.204c9.997-9.998 26.207-9.998 36.204 0L192 312.69 432.095 72.596c9.997-9.997 26.207-9.997 36.204 0l36.203 36.204c9.997 9.997 9.997 26.206 0 36.204l-294.4 294.401c-9.998 9.997-26.207 9.997-36.204-.001z\"><\/path><\/svg>\t\t\t\t\t\t<\/span>\n\t\t\t\t\t\t\t\t\t\t<span class=\"elementor-icon-list-text\">I gjith\u00eb zinxhiri i shp\u00ebrndarjes s\u00eb produkteve, kryhet me makina frigoriferike.<\/span>\n\t\t\t\t\t\t\t\t\t<\/li>\n\t\t\t\t\t\t<\/ul>\n\t\t\t\t\t\t<\/div>\n\t\t\t\t<\/div>\n\t\t\t\t<\/div>\n\t\t\t\t\t<\/div>\n\t\t\t\t<\/div>\n\t\t<div class=\"elementor-element elementor-element-2f750ac e-flex e-con-boxed wpr-equal-height-no elementor-invisible e-con e-parent\" data-id=\"2f750ac\" data-element_type=\"container\" data-e-type=\"container\" data-settings=\"{&quot;background_background&quot;:&quot;classic&quot;,&quot;animation&quot;:&quot;fadeIn&quot;}\">\n\t\t\t\t\t<div class=\"e-con-inner\">\n\t\t\t\t\t<\/div>\n\t\t\t\t<\/div>\n\t\t<div class=\"elementor-element elementor-element-c02f66f e-flex e-con-boxed wpr-equal-height-no elementor-invisible e-con e-parent\" data-id=\"c02f66f\" data-element_type=\"container\" data-e-type=\"container\" data-settings=\"{&quot;background_background&quot;:&quot;classic&quot;,&quot;animation&quot;:&quot;fadeIn&quot;}\">\n\t\t\t\t\t<div class=\"e-con-inner\">\n\t\t<div class=\"elementor-element elementor-element-89cbc2f e-con-full e-flex wpr-equal-height-no elementor-invisible e-con e-child\" data-id=\"89cbc2f\" data-element_type=\"container\" data-e-type=\"container\" data-settings=\"{&quot;animation&quot;:&quot;fadeInLeft&quot;}\">\n\t\t\t\t<div class=\"elementor-element elementor-element-8311419 elementor-widget elementor-widget-heading\" data-id=\"8311419\" data-element_type=\"widget\" data-e-type=\"widget\" data-widget_type=\"heading.default\">\n\t\t\t\t<div class=\"elementor-widget-container\">\n\t\t\t\t\t<h2 class=\"elementor-heading-title elementor-size-default\">Erzeni \u00ebsht\u00eb kudo<\/h2>\t\t\t\t<\/div>\n\t\t\t\t<\/div>\n\t\t\t\t<div class=\"elementor-element elementor-element-8e267d0 elementor-widget elementor-widget-heading\" data-id=\"8e267d0\" data-element_type=\"widget\" data-e-type=\"widget\" data-widget_type=\"heading.default\">\n\t\t\t\t<div class=\"elementor-widget-container\">\n\t\t\t\t\t<h2 class=\"elementor-heading-title elementor-size-default\">Shp\u00ebrndar\u00eb kudo<\/h2>\t\t\t\t<\/div>\n\t\t\t\t<\/div>\n\t\t\t\t<div class=\"elementor-element elementor-element-7eb286e elementor-widget elementor-widget-text-editor\" data-id=\"7eb286e\" data-element_type=\"widget\" data-e-type=\"widget\" data-widget_type=\"text-editor.default\">\n\t\t\t\t<div class=\"elementor-widget-container\">\n\t\t\t\t\t\t\t\t\tI gjith\u00eb zinxhiri i shp\u00ebrndarjes s\u00eb produkteve, kryhet me makina frigoriferike. Produktet tona mund ti gjeni n\u00eb pothuajse \u00e7do market. Sjellim p\u00ebr ju \u00e7do m\u00ebngjes, tek subjektet e treg\u00ebtimit, m\u00eb shum\u00eb se 50 produkte t\u00eb fresk\u00ebta, t\u00eb sh\u00ebndetshme dhe natyrale.\t\t\t\t\t\t\t\t<\/div>\n\t\t\t\t<\/div>\n\t\t\t\t<\/div>\n\t\t\t\t\t<\/div>\n\t\t\t\t<\/div>\n\t\t\t\t<\/div>","protected":false},"excerpt":{"rendered":"<p>Distribution Erzeni > Factory > Distribution Distribution Controlled Transportation The entire transport of the raw material, milk, is carried out under suitable conditions, starting from large farms, which are equipped by us with refrigerated tanks, to small farmers, whom we have equipped with stainless steel and aluminum containers. At small farms, we collect the milk twice a day since they do not have storage facilities. The entire process, from collection, processing, to transportation to your nearest store, is completed no later than 24 hours from the milk extraction at the farm. The entire distribution chain of the products is done with refrigerated vehicles. Erzeni is everywhere Distributed Everywhere The entire distribution chain of our products is carried out with refrigerated vehicles. You can find our products in almost every supermarket. Every morning, we deliver to marketing outlets more than 50 fresh, healthy, and natural products for you.<\/p>","protected":false},"author":2,"featured_media":0,"parent":0,"menu_order":0,"comment_status":"closed","ping_status":"closed","template":"elementor_canvas","meta":{"nf_dc_page":"","footnotes":""},"class_list":["post-306","page","type-page","status-publish","hentry"],"yoast_head":"<!-- This site is optimized with the Yoast SEO plugin v27.4 - https:\/\/yoast.com\/product\/yoast-seo-wordpress\/ -->\n<title>Distribution - Erzeni<\/title>\n<meta name=\"description\" content=\"Erzeni distribution ensures safe delivery of dairy products with refrigerated vehicles across Albania and beyond.\" \/>\n<meta name=\"robots\" content=\"index, follow, max-snippet:-1, max-image-preview:large, max-video-preview:-1\" \/>\n<link rel=\"canonical\" href=\"https:\/\/www.erzeni.com\/sq\/distribution\/\" \/>\n<meta property=\"og:locale\" content=\"sq_AL\" \/>\n<meta property=\"og:type\" content=\"article\" \/>\n<meta property=\"og:title\" content=\"Distribution - Erzeni\" \/>\n<meta property=\"og:description\" content=\"Erzeni distribution ensures safe delivery of dairy products with refrigerated vehicles across Albania and beyond.\" \/>\n<meta property=\"og:url\" content=\"https:\/\/www.erzeni.com\/sq\/distribution\/\" \/>\n<meta property=\"og:site_name\" content=\"Erzeni\" \/>\n<meta property=\"article:modified_time\" content=\"2025-09-16T16:11:41+00:00\" \/>\n<meta name=\"twitter:card\" content=\"summary_large_image\" \/>\n<meta name=\"twitter:label1\" content=\"Est. reading time\" \/>\n\t<meta name=\"twitter:data1\" content=\"1 minut\u00eb\" \/>\n<script type=\"application\/ld+json\" class=\"yoast-schema-graph\">{\"@context\":\"https:\\\/\\\/schema.org\",\"@graph\":[{\"@type\":\"WebPage\",\"@id\":\"https:\\\/\\\/www.erzeni.com\\\/distribution\\\/\",\"url\":\"https:\\\/\\\/www.erzeni.com\\\/distribution\\\/\",\"name\":\"Distribution - Erzeni\",\"isPartOf\":{\"@id\":\"https:\\\/\\\/www.erzeni.com\\\/#website\"},\"datePublished\":\"2024-06-15T21:49:54+00:00\",\"dateModified\":\"2025-09-16T16:11:41+00:00\",\"description\":\"Erzeni distribution ensures safe delivery of dairy products with refrigerated vehicles across Albania and beyond.\",\"breadcrumb\":{\"@id\":\"https:\\\/\\\/www.erzeni.com\\\/distribution\\\/#breadcrumb\"},\"inLanguage\":\"sq\",\"potentialAction\":[{\"@type\":\"ReadAction\",\"target\":[\"https:\\\/\\\/www.erzeni.com\\\/distribution\\\/\"]}]},{\"@type\":\"BreadcrumbList\",\"@id\":\"https:\\\/\\\/www.erzeni.com\\\/distribution\\\/#breadcrumb\",\"itemListElement\":[{\"@type\":\"ListItem\",\"position\":1,\"name\":\"Home\",\"item\":\"https:\\\/\\\/www.erzeni.com\\\/\"},{\"@type\":\"ListItem\",\"position\":2,\"name\":\"Distribution\"}]},{\"@type\":\"WebSite\",\"@id\":\"https:\\\/\\\/www.erzeni.com\\\/#website\",\"url\":\"https:\\\/\\\/www.erzeni.com\\\/\",\"name\":\"Erzeni\",\"description\":\"\",\"publisher\":{\"@id\":\"https:\\\/\\\/www.erzeni.com\\\/#organization\"},\"potentialAction\":[{\"@type\":\"SearchAction\",\"target\":{\"@type\":\"EntryPoint\",\"urlTemplate\":\"https:\\\/\\\/www.erzeni.com\\\/?s={search_term_string}\"},\"query-input\":{\"@type\":\"PropertyValueSpecification\",\"valueRequired\":true,\"valueName\":\"search_term_string\"}}],\"inLanguage\":\"sq\"},{\"@type\":\"Organization\",\"@id\":\"https:\\\/\\\/www.erzeni.com\\\/#organization\",\"name\":\"Erzeni\",\"url\":\"https:\\\/\\\/www.erzeni.com\\\/\",\"logo\":{\"@type\":\"ImageObject\",\"inLanguage\":\"sq\",\"@id\":\"https:\\\/\\\/www.erzeni.com\\\/#\\\/schema\\\/logo\\\/image\\\/\",\"url\":\"https:\\\/\\\/www.erzeni.com\\\/wp-content\\\/uploads\\\/2025\\\/01\\\/erzenimini.png\",\"contentUrl\":\"https:\\\/\\\/www.erzeni.com\\\/wp-content\\\/uploads\\\/2025\\\/01\\\/erzenimini.png\",\"width\":300,\"height\":198,\"caption\":\"Erzeni\"},\"image\":{\"@id\":\"https:\\\/\\\/www.erzeni.com\\\/#\\\/schema\\\/logo\\\/image\\\/\"}}]}<\/script>\n<!-- \/ Yoast SEO plugin. -->","yoast_head_json":{"title":"Distribution - Erzeni","description":"Erzeni distribution ensures safe delivery of dairy products with refrigerated vehicles across Albania and beyond.","robots":{"index":"index","follow":"follow","max-snippet":"max-snippet:-1","max-image-preview":"max-image-preview:large","max-video-preview":"max-video-preview:-1"},"canonical":"https:\/\/www.erzeni.com\/sq\/distribution\/","og_locale":"sq_AL","og_type":"article","og_title":"Distribution - Erzeni","og_description":"Erzeni distribution ensures safe delivery of dairy products with refrigerated vehicles across Albania and beyond.","og_url":"https:\/\/www.erzeni.com\/sq\/distribution\/","og_site_name":"Erzeni","article_modified_time":"2025-09-16T16:11:41+00:00","twitter_card":"summary_large_image","twitter_misc":{"Est. reading time":"1 minut\u00eb"},"schema":{"@context":"https:\/\/schema.org","@graph":[{"@type":"WebPage","@id":"https:\/\/www.erzeni.com\/distribution\/","url":"https:\/\/www.erzeni.com\/distribution\/","name":"Distribution - Erzeni","isPartOf":{"@id":"https:\/\/www.erzeni.com\/#website"},"datePublished":"2024-06-15T21:49:54+00:00","dateModified":"2025-09-16T16:11:41+00:00","description":"Erzeni distribution ensures safe delivery of dairy products with refrigerated vehicles across Albania and beyond.","breadcrumb":{"@id":"https:\/\/www.erzeni.com\/distribution\/#breadcrumb"},"inLanguage":"sq","potentialAction":[{"@type":"ReadAction","target":["https:\/\/www.erzeni.com\/distribution\/"]}]},{"@type":"BreadcrumbList","@id":"https:\/\/www.erzeni.com\/distribution\/#breadcrumb","itemListElement":[{"@type":"ListItem","position":1,"name":"Home","item":"https:\/\/www.erzeni.com\/"},{"@type":"ListItem","position":2,"name":"Distribution"}]},{"@type":"WebSite","@id":"https:\/\/www.erzeni.com\/#website","url":"https:\/\/www.erzeni.com\/","name":"Erzeni","description":"","publisher":{"@id":"https:\/\/www.erzeni.com\/#organization"},"potentialAction":[{"@type":"SearchAction","target":{"@type":"EntryPoint","urlTemplate":"https:\/\/www.erzeni.com\/?s={search_term_string}"},"query-input":{"@type":"PropertyValueSpecification","valueRequired":true,"valueName":"search_term_string"}}],"inLanguage":"sq"},{"@type":"Organization","@id":"https:\/\/www.erzeni.com\/#organization","name":"Erzeni","url":"https:\/\/www.erzeni.com\/","logo":{"@type":"ImageObject","inLanguage":"sq","@id":"https:\/\/www.erzeni.com\/#\/schema\/logo\/image\/","url":"https:\/\/www.erzeni.com\/wp-content\/uploads\/2025\/01\/erzenimini.png","contentUrl":"https:\/\/www.erzeni.com\/wp-content\/uploads\/2025\/01\/erzenimini.png","width":300,"height":198,"caption":"Erzeni"},"image":{"@id":"https:\/\/www.erzeni.com\/#\/schema\/logo\/image\/"}}]}},"_links":{"self":[{"href":"https:\/\/www.erzeni.com\/sq\/wp-json\/wp\/v2\/pages\/306","targetHints":{"allow":["GET"]}}],"collection":[{"href":"https:\/\/www.erzeni.com\/sq\/wp-json\/wp\/v2\/pages"}],"about":[{"href":"https:\/\/www.erzeni.com\/sq\/wp-json\/wp\/v2\/types\/page"}],"author":[{"embeddable":true,"href":"https:\/\/www.erzeni.com\/sq\/wp-json\/wp\/v2\/users\/2"}],"replies":[{"embeddable":true,"href":"https:\/\/www.erzeni.com\/sq\/wp-json\/wp\/v2\/comments?post=306"}],"version-history":[{"count":1,"href":"https:\/\/www.erzeni.com\/sq\/wp-json\/wp\/v2\/pages\/306\/revisions"}],"predecessor-version":[{"id":2259,"href":"https:\/\/www.erzeni.com\/sq\/wp-json\/wp\/v2\/pages\/306\/revisions\/2259"}],"wp:attachment":[{"href":"https:\/\/www.erzeni.com\/sq\/wp-json\/wp\/v2\/media?parent=306"}],"curies":[{"name":"wp","href":"https:\/\/api.w.org\/{rel}","templated":true}]}}