{"id":304,"date":"2024-06-15T21:49:46","date_gmt":"2024-06-15T21:49:46","guid":{"rendered":"https:\/\/www.erzeni.com\/?page_id=304"},"modified":"2025-09-16T22:12:47","modified_gmt":"2025-09-16T22:12:47","slug":"bottle-production","status":"publish","type":"page","link":"https:\/\/www.erzeni.com\/sq\/bottle-production\/","title":{"rendered":"Prodhimi i shisheve"},"content":{"rendered":"<div data-elementor-type=\"wp-page\" data-elementor-id=\"304\" class=\"elementor elementor-304\">\n\t\t\t\t<div class=\"elementor-element elementor-element-bb98bd1 e-flex e-con-boxed wpr-equal-height-no e-con e-parent\" data-id=\"bb98bd1\" data-element_type=\"container\" data-e-type=\"container\" data-settings=\"{&quot;background_background&quot;:&quot;classic&quot;}\">\n\t\t\t\t\t<div class=\"e-con-inner\">\n\t\t\t\t<div class=\"elementor-element elementor-element-3a64344 elementor-widget elementor-widget-heading\" data-id=\"3a64344\" data-element_type=\"widget\" data-e-type=\"widget\" data-widget_type=\"heading.default\">\n\t\t\t\t<div class=\"elementor-widget-container\">\n\t\t\t\t\t<h1 class=\"elementor-heading-title elementor-size-default\">Prodhimi i shisheve<\/h1>\t\t\t\t<\/div>\n\t\t\t\t<\/div>\n\t\t<div class=\"elementor-element elementor-element-6cf611d e-con-full e-flex wpr-equal-height-no e-con e-child\" data-id=\"6cf611d\" data-element_type=\"container\" data-e-type=\"container\">\n\t\t\t\t<div class=\"elementor-element elementor-element-7525c04 elementor-widget elementor-widget-heading\" data-id=\"7525c04\" data-element_type=\"widget\" data-e-type=\"widget\" data-widget_type=\"heading.default\">\n\t\t\t\t<div class=\"elementor-widget-container\">\n\t\t\t\t\t<div class=\"elementor-heading-title elementor-size-default\"><a href=\"https:\/\/www.erzeni.com\/sq\/\">Erzeni<\/a><\/div>\t\t\t\t<\/div>\n\t\t\t\t<\/div>\n\t\t\t\t<div class=\"elementor-element elementor-element-efcda9e elementor-widget elementor-widget-heading\" data-id=\"efcda9e\" data-element_type=\"widget\" data-e-type=\"widget\" data-widget_type=\"heading.default\">\n\t\t\t\t<div class=\"elementor-widget-container\">\n\t\t\t\t\t<div class=\"elementor-heading-title elementor-size-default\">&gt;<\/div>\t\t\t\t<\/div>\n\t\t\t\t<\/div>\n\t\t\t\t<div class=\"elementor-element elementor-element-e40712f elementor-widget elementor-widget-heading\" data-id=\"e40712f\" data-element_type=\"widget\" data-e-type=\"widget\" data-widget_type=\"heading.default\">\n\t\t\t\t<div class=\"elementor-widget-container\">\n\t\t\t\t\t<div class=\"elementor-heading-title elementor-size-default\"><a href=\"https:\/\/www.erzeni.com\/sq\/factory\/\">Fabrika<\/a><\/div>\t\t\t\t<\/div>\n\t\t\t\t<\/div>\n\t\t\t\t<div class=\"elementor-element elementor-element-bb0b2d6 elementor-widget elementor-widget-heading\" data-id=\"bb0b2d6\" data-element_type=\"widget\" data-e-type=\"widget\" data-widget_type=\"heading.default\">\n\t\t\t\t<div class=\"elementor-widget-container\">\n\t\t\t\t\t<div class=\"elementor-heading-title elementor-size-default\">&gt;<\/div>\t\t\t\t<\/div>\n\t\t\t\t<\/div>\n\t\t\t\t<div class=\"elementor-element elementor-element-db051d0 elementor-widget elementor-widget-heading\" data-id=\"db051d0\" data-element_type=\"widget\" data-e-type=\"widget\" data-widget_type=\"heading.default\">\n\t\t\t\t<div class=\"elementor-widget-container\">\n\t\t\t\t\t<div class=\"elementor-heading-title elementor-size-default\">Prodhimi i shisheve<\/div>\t\t\t\t<\/div>\n\t\t\t\t<\/div>\n\t\t\t\t<\/div>\n\t\t\t\t\t<\/div>\n\t\t\t\t<\/div>\n\t\t<div class=\"elementor-element elementor-element-ff67f86 e-flex e-con-boxed wpr-equal-height-no e-con e-parent\" data-id=\"ff67f86\" data-element_type=\"container\" data-e-type=\"container\">\n\t\t\t\t\t<div class=\"e-con-inner\">\n\t\t<div class=\"elementor-element elementor-element-583f86d e-con-full e-flex wpr-equal-height-no elementor-invisible e-con e-child\" data-id=\"583f86d\" data-element_type=\"container\" data-e-type=\"container\" data-settings=\"{&quot;animation&quot;:&quot;fadeInLeft&quot;,&quot;animation_mobile&quot;:&quot;fadeInLeft&quot;}\">\n\t\t\t\t<div class=\"elementor-element elementor-element-1995b97 elementor-widget elementor-widget-heading\" data-id=\"1995b97\" data-element_type=\"widget\" data-e-type=\"widget\" data-widget_type=\"heading.default\">\n\t\t\t\t<div class=\"elementor-widget-container\">\n\t\t\t\t\t<h2 class=\"elementor-heading-title elementor-size-default\">Profesionaliz\u00ebm<\/h2>\t\t\t\t<\/div>\n\t\t\t\t<\/div>\n\t\t\t\t<div class=\"elementor-element elementor-element-1ab45cb elementor-widget elementor-widget-heading\" data-id=\"1ab45cb\" data-element_type=\"widget\" data-e-type=\"widget\" data-widget_type=\"heading.default\">\n\t\t\t\t<div class=\"elementor-widget-container\">\n\t\t\t\t\t<p class=\"elementor-heading-title elementor-size-default\">Cilesi e lart\u00eb e shisheve<\/p>\t\t\t\t<\/div>\n\t\t\t\t<\/div>\n\t\t\t\t<div class=\"elementor-element elementor-element-843aaf0 elementor-widget elementor-widget-text-editor\" data-id=\"843aaf0\" data-element_type=\"widget\" data-e-type=\"widget\" data-widget_type=\"text-editor.default\">\n\t\t\t\t<div class=\"elementor-widget-container\">\n\t\t\t\t\t\t\t\t\t<p>At\u00a0<a href=\"https:\/\/www.erzeni.com\/sq\/\" target=\"_blank\" rel=\"noopener\">Erzeni<\/a>, we are at the forefront of innovation in the production of food-grade plastic bottle packaging. With a vision for the future, our plastic bottle production process seamlessly combines modern technology with quality packaging production. We leverage technological advancements in materials and production techniques to create food-grade plastic bottles that comply with food legislation and standards set by the company.<\/p>\t\t\t\t\t\t\t\t<\/div>\n\t\t\t\t<\/div>\n\t\t\t\t<div class=\"elementor-element elementor-element-857b563 elementor-align-start elementor-icon-list--layout-traditional elementor-list-item-link-full_width elementor-widget elementor-widget-icon-list\" data-id=\"857b563\" data-element_type=\"widget\" data-e-type=\"widget\" data-widget_type=\"icon-list.default\">\n\t\t\t\t<div class=\"elementor-widget-container\">\n\t\t\t\t\t\t\t<ul class=\"elementor-icon-list-items\">\n\t\t\t\t\t\t\t<li class=\"elementor-icon-list-item\">\n\t\t\t\t\t\t\t\t\t\t\t<span class=\"elementor-icon-list-icon\">\n\t\t\t\t\t\t\t<svg aria-hidden=\"true\" class=\"e-font-icon-svg e-fas-check\" viewbox=\"0 0 512 512\" xmlns=\"http:\/\/www.w3.org\/2000\/svg\"><path d=\"M173.898 439.404l-166.4-166.4c-9.997-9.997-9.997-26.206 0-36.204l36.203-36.204c9.997-9.998 26.207-9.998 36.204 0L192 312.69 432.095 72.596c9.997-9.997 26.207-9.997 36.204 0l36.203 36.204c9.997 9.997 9.997 26.206 0 36.204l-294.4 294.401c-9.998 9.997-26.207 9.997-36.204-.001z\"><\/path><\/svg>\t\t\t\t\t\t<\/span>\n\t\t\t\t\t\t\t\t\t\t<span class=\"elementor-icon-list-text\">\u00c7do shishe q\u00eb del nga linja jon\u00eb e prodhimit, p\u00ebrfaq\u00ebson standardet nderkomb\u00ebtare ISO<\/span>\n\t\t\t\t\t\t\t\t\t<\/li>\n\t\t\t\t\t\t<\/ul>\n\t\t\t\t\t\t<\/div>\n\t\t\t\t<\/div>\n\t\t\t\t<\/div>\n\t\t<div class=\"elementor-element elementor-element-6cd61cd e-con-full e-flex wpr-equal-height-no elementor-invisible e-con e-child\" data-id=\"6cd61cd\" data-element_type=\"container\" data-e-type=\"container\" data-settings=\"{&quot;animation&quot;:&quot;fadeInRight&quot;,&quot;animation_mobile&quot;:&quot;fadeInLeft&quot;}\">\n\t\t\t\t<div class=\"elementor-element elementor-element-dc097a6 elementor-widget elementor-widget-image\" data-id=\"dc097a6\" data-element_type=\"widget\" data-e-type=\"widget\" data-widget_type=\"image.default\">\n\t\t\t\t<div class=\"elementor-widget-container\">\n\t\t\t\t\t\t\t\t\t\t\t\t\t\t\t<img fetchpriority=\"high\" decoding=\"async\" width=\"800\" height=\"800\" src=\"https:\/\/www.erzeni.com\/wp-content\/uploads\/2024\/06\/ERZENI_-9851-1024x1024.jpg\" class=\"attachment-large size-large wp-image-1007\" alt=\"\" srcset=\"https:\/\/www.erzeni.com\/wp-content\/uploads\/2024\/06\/ERZENI_-9851-1024x1024.jpg 1024w, https:\/\/www.erzeni.com\/wp-content\/uploads\/2024\/06\/ERZENI_-9851-300x300.jpg 300w, https:\/\/www.erzeni.com\/wp-content\/uploads\/2024\/06\/ERZENI_-9851-150x150.jpg 150w, https:\/\/www.erzeni.com\/wp-content\/uploads\/2024\/06\/ERZENI_-9851-768x768.jpg 768w, https:\/\/www.erzeni.com\/wp-content\/uploads\/2024\/06\/ERZENI_-9851-1536x1536.jpg 1536w, https:\/\/www.erzeni.com\/wp-content\/uploads\/2024\/06\/ERZENI_-9851-2048x2048.jpg 2048w, https:\/\/www.erzeni.com\/wp-content\/uploads\/2024\/06\/ERZENI_-9851-12x12.jpg 12w\" sizes=\"(max-width: 800px) 100vw, 800px\" \/>\t\t\t\t\t\t\t\t\t\t\t\t\t\t\t<\/div>\n\t\t\t\t<\/div>\n\t\t\t\t<\/div>\n\t\t\t\t\t<\/div>\n\t\t\t\t<\/div>\n\t\t<div class=\"elementor-element elementor-element-5f9f40e e-flex e-con-boxed wpr-equal-height-no e-con e-parent\" data-id=\"5f9f40e\" data-element_type=\"container\" data-e-type=\"container\">\n\t\t\t\t\t<div class=\"e-con-inner\">\n\t\t<div class=\"elementor-element elementor-element-5e09f26 e-con-full e-flex wpr-equal-height-no elementor-invisible e-con e-child\" data-id=\"5e09f26\" data-element_type=\"container\" data-e-type=\"container\" data-settings=\"{&quot;animation&quot;:&quot;fadeInLeft&quot;,&quot;animation_mobile&quot;:&quot;fadeInLeft&quot;}\">\n\t\t\t\t<div class=\"elementor-element elementor-element-cbce5f0 elementor-widget elementor-widget-image\" data-id=\"cbce5f0\" data-element_type=\"widget\" data-e-type=\"widget\" data-widget_type=\"image.default\">\n\t\t\t\t<div class=\"elementor-widget-container\">\n\t\t\t\t\t\t\t\t\t\t\t\t\t\t\t<img decoding=\"async\" width=\"800\" height=\"800\" src=\"https:\/\/www.erzeni.com\/wp-content\/uploads\/2024\/06\/ERZENI_-9774-1024x1024.jpg\" class=\"attachment-large size-large wp-image-1008\" alt=\"\" srcset=\"https:\/\/www.erzeni.com\/wp-content\/uploads\/2024\/06\/ERZENI_-9774-1024x1024.jpg 1024w, https:\/\/www.erzeni.com\/wp-content\/uploads\/2024\/06\/ERZENI_-9774-300x300.jpg 300w, https:\/\/www.erzeni.com\/wp-content\/uploads\/2024\/06\/ERZENI_-9774-150x150.jpg 150w, https:\/\/www.erzeni.com\/wp-content\/uploads\/2024\/06\/ERZENI_-9774-768x768.jpg 768w, https:\/\/www.erzeni.com\/wp-content\/uploads\/2024\/06\/ERZENI_-9774-1536x1536.jpg 1536w, https:\/\/www.erzeni.com\/wp-content\/uploads\/2024\/06\/ERZENI_-9774-2048x2048.jpg 2048w, https:\/\/www.erzeni.com\/wp-content\/uploads\/2024\/06\/ERZENI_-9774-12x12.jpg 12w\" sizes=\"(max-width: 800px) 100vw, 800px\" \/>\t\t\t\t\t\t\t\t\t\t\t\t\t\t\t<\/div>\n\t\t\t\t<\/div>\n\t\t\t\t<\/div>\n\t\t<div class=\"elementor-element elementor-element-8d58675 e-con-full e-flex wpr-equal-height-no elementor-invisible e-con e-child\" data-id=\"8d58675\" data-element_type=\"container\" data-e-type=\"container\" data-settings=\"{&quot;animation&quot;:&quot;fadeInRight&quot;,&quot;animation_mobile&quot;:&quot;fadeInLeft&quot;}\">\n\t\t\t\t<div class=\"elementor-element elementor-element-c5bfcd6 elementor-widget elementor-widget-image\" data-id=\"c5bfcd6\" data-element_type=\"widget\" data-e-type=\"widget\" data-widget_type=\"image.default\">\n\t\t\t\t<div class=\"elementor-widget-container\">\n\t\t\t\t\t\t\t\t\t\t\t\t\t\t\t<img decoding=\"async\" width=\"800\" height=\"800\" src=\"https:\/\/www.erzeni.com\/wp-content\/uploads\/2024\/06\/ERZENI_-9844-1024x1024.jpg\" class=\"attachment-large size-large wp-image-1005\" alt=\"\" srcset=\"https:\/\/www.erzeni.com\/wp-content\/uploads\/2024\/06\/ERZENI_-9844-1024x1024.jpg 1024w, https:\/\/www.erzeni.com\/wp-content\/uploads\/2024\/06\/ERZENI_-9844-300x300.jpg 300w, https:\/\/www.erzeni.com\/wp-content\/uploads\/2024\/06\/ERZENI_-9844-150x150.jpg 150w, https:\/\/www.erzeni.com\/wp-content\/uploads\/2024\/06\/ERZENI_-9844-768x768.jpg 768w, https:\/\/www.erzeni.com\/wp-content\/uploads\/2024\/06\/ERZENI_-9844-1536x1536.jpg 1536w, https:\/\/www.erzeni.com\/wp-content\/uploads\/2024\/06\/ERZENI_-9844-2048x2048.jpg 2048w, https:\/\/www.erzeni.com\/wp-content\/uploads\/2024\/06\/ERZENI_-9844-12x12.jpg 12w\" sizes=\"(max-width: 800px) 100vw, 800px\" \/>\t\t\t\t\t\t\t\t\t\t\t\t\t\t\t<\/div>\n\t\t\t\t<\/div>\n\t\t\t\t<\/div>\n\t\t\t\t\t<\/div>\n\t\t\t\t<\/div>\n\t\t\t\t<\/div>","protected":false},"excerpt":{"rendered":"<p>Bottle Production Erzeni &gt; Factory &gt; Bottle Production Professionalism High quality bottles At\u00a0Erzeni, we are at the forefront of innovation in the production of food-grade plastic bottle packaging. With a vision for the future, our plastic bottle production process seamlessly combines modern technology with quality packaging production. We leverage technological advancements in materials and production techniques to create food-grade plastic bottles that comply with food legislation and standards set by the company. Every bottle that comes off our production line represents international ISO standards.<\/p>","protected":false},"author":2,"featured_media":0,"parent":0,"menu_order":0,"comment_status":"closed","ping_status":"closed","template":"elementor_canvas","meta":{"nf_dc_page":"","footnotes":""},"class_list":["post-304","page","type-page","status-publish","hentry"],"yoast_head":"<!-- This site is optimized with the Yoast SEO plugin v27.4 - https:\/\/yoast.com\/product\/yoast-seo-wordpress\/ -->\n<title>Bottle Production - Erzeni<\/title>\n<meta name=\"description\" content=\"Explore the innovative process of Erzeni bottle production for food-grade packaging, ensuring quality and compliance with standards.\" \/>\n<meta name=\"robots\" content=\"index, follow, max-snippet:-1, max-image-preview:large, max-video-preview:-1\" \/>\n<link rel=\"canonical\" href=\"https:\/\/www.erzeni.com\/sq\/bottle-production\/\" \/>\n<meta property=\"og:locale\" content=\"sq_AL\" \/>\n<meta property=\"og:type\" content=\"article\" \/>\n<meta property=\"og:title\" content=\"Bottle Production - Erzeni\" \/>\n<meta property=\"og:description\" content=\"Explore the innovative process of Erzeni bottle production for food-grade packaging, ensuring quality and compliance with standards.\" \/>\n<meta property=\"og:url\" content=\"https:\/\/www.erzeni.com\/sq\/bottle-production\/\" \/>\n<meta property=\"og:site_name\" content=\"Erzeni\" \/>\n<meta property=\"article:modified_time\" content=\"2025-09-16T22:12:47+00:00\" \/>\n<meta property=\"og:image\" content=\"https:\/\/www.erzeni.com\/wp-content\/uploads\/2024\/06\/ERZENI_-9851-scaled.jpg\" \/>\n\t<meta property=\"og:image:width\" content=\"2560\" \/>\n\t<meta property=\"og:image:height\" content=\"2560\" \/>\n\t<meta property=\"og:image:type\" content=\"image\/jpeg\" \/>\n<meta name=\"twitter:card\" content=\"summary_large_image\" \/>\n<meta name=\"twitter:label1\" content=\"Est. reading time\" \/>\n\t<meta name=\"twitter:data1\" content=\"1 minut\u00eb\" \/>\n<script type=\"application\/ld+json\" class=\"yoast-schema-graph\">{\"@context\":\"https:\\\/\\\/schema.org\",\"@graph\":[{\"@type\":\"WebPage\",\"@id\":\"https:\\\/\\\/www.erzeni.com\\\/bottle-production\\\/\",\"url\":\"https:\\\/\\\/www.erzeni.com\\\/bottle-production\\\/\",\"name\":\"Bottle Production - Erzeni\",\"isPartOf\":{\"@id\":\"https:\\\/\\\/www.erzeni.com\\\/#website\"},\"primaryImageOfPage\":{\"@id\":\"https:\\\/\\\/www.erzeni.com\\\/bottle-production\\\/#primaryimage\"},\"image\":{\"@id\":\"https:\\\/\\\/www.erzeni.com\\\/bottle-production\\\/#primaryimage\"},\"thumbnailUrl\":\"https:\\\/\\\/www.erzeni.com\\\/wp-content\\\/uploads\\\/2024\\\/06\\\/ERZENI_-9851-1024x1024.jpg\",\"datePublished\":\"2024-06-15T21:49:46+00:00\",\"dateModified\":\"2025-09-16T22:12:47+00:00\",\"description\":\"Explore the innovative process of Erzeni bottle production for food-grade packaging, ensuring quality and compliance with standards.\",\"breadcrumb\":{\"@id\":\"https:\\\/\\\/www.erzeni.com\\\/bottle-production\\\/#breadcrumb\"},\"inLanguage\":\"sq\",\"potentialAction\":[{\"@type\":\"ReadAction\",\"target\":[\"https:\\\/\\\/www.erzeni.com\\\/bottle-production\\\/\"]}]},{\"@type\":\"ImageObject\",\"inLanguage\":\"sq\",\"@id\":\"https:\\\/\\\/www.erzeni.com\\\/bottle-production\\\/#primaryimage\",\"url\":\"https:\\\/\\\/www.erzeni.com\\\/wp-content\\\/uploads\\\/2024\\\/06\\\/ERZENI_-9851-1024x1024.jpg\",\"contentUrl\":\"https:\\\/\\\/www.erzeni.com\\\/wp-content\\\/uploads\\\/2024\\\/06\\\/ERZENI_-9851-1024x1024.jpg\"},{\"@type\":\"BreadcrumbList\",\"@id\":\"https:\\\/\\\/www.erzeni.com\\\/bottle-production\\\/#breadcrumb\",\"itemListElement\":[{\"@type\":\"ListItem\",\"position\":1,\"name\":\"Home\",\"item\":\"https:\\\/\\\/www.erzeni.com\\\/\"},{\"@type\":\"ListItem\",\"position\":2,\"name\":\"Bottle Production\"}]},{\"@type\":\"WebSite\",\"@id\":\"https:\\\/\\\/www.erzeni.com\\\/#website\",\"url\":\"https:\\\/\\\/www.erzeni.com\\\/\",\"name\":\"Erzeni\",\"description\":\"\",\"publisher\":{\"@id\":\"https:\\\/\\\/www.erzeni.com\\\/#organization\"},\"potentialAction\":[{\"@type\":\"SearchAction\",\"target\":{\"@type\":\"EntryPoint\",\"urlTemplate\":\"https:\\\/\\\/www.erzeni.com\\\/?s={search_term_string}\"},\"query-input\":{\"@type\":\"PropertyValueSpecification\",\"valueRequired\":true,\"valueName\":\"search_term_string\"}}],\"inLanguage\":\"sq\"},{\"@type\":\"Organization\",\"@id\":\"https:\\\/\\\/www.erzeni.com\\\/#organization\",\"name\":\"Erzeni\",\"url\":\"https:\\\/\\\/www.erzeni.com\\\/\",\"logo\":{\"@type\":\"ImageObject\",\"inLanguage\":\"sq\",\"@id\":\"https:\\\/\\\/www.erzeni.com\\\/#\\\/schema\\\/logo\\\/image\\\/\",\"url\":\"https:\\\/\\\/www.erzeni.com\\\/wp-content\\\/uploads\\\/2025\\\/01\\\/erzenimini.png\",\"contentUrl\":\"https:\\\/\\\/www.erzeni.com\\\/wp-content\\\/uploads\\\/2025\\\/01\\\/erzenimini.png\",\"width\":300,\"height\":198,\"caption\":\"Erzeni\"},\"image\":{\"@id\":\"https:\\\/\\\/www.erzeni.com\\\/#\\\/schema\\\/logo\\\/image\\\/\"}}]}<\/script>\n<!-- \/ Yoast SEO plugin. -->","yoast_head_json":{"title":"Bottle Production - Erzeni","description":"Explore the innovative process of Erzeni bottle production for food-grade packaging, ensuring quality and compliance with standards.","robots":{"index":"index","follow":"follow","max-snippet":"max-snippet:-1","max-image-preview":"max-image-preview:large","max-video-preview":"max-video-preview:-1"},"canonical":"https:\/\/www.erzeni.com\/sq\/bottle-production\/","og_locale":"sq_AL","og_type":"article","og_title":"Bottle Production - Erzeni","og_description":"Explore the innovative process of Erzeni bottle production for food-grade packaging, ensuring quality and compliance with standards.","og_url":"https:\/\/www.erzeni.com\/sq\/bottle-production\/","og_site_name":"Erzeni","article_modified_time":"2025-09-16T22:12:47+00:00","og_image":[{"width":2560,"height":2560,"url":"https:\/\/www.erzeni.com\/wp-content\/uploads\/2024\/06\/ERZENI_-9851-scaled.jpg","type":"image\/jpeg"}],"twitter_card":"summary_large_image","twitter_misc":{"Est. reading time":"1 minut\u00eb"},"schema":{"@context":"https:\/\/schema.org","@graph":[{"@type":"WebPage","@id":"https:\/\/www.erzeni.com\/bottle-production\/","url":"https:\/\/www.erzeni.com\/bottle-production\/","name":"Bottle Production - Erzeni","isPartOf":{"@id":"https:\/\/www.erzeni.com\/#website"},"primaryImageOfPage":{"@id":"https:\/\/www.erzeni.com\/bottle-production\/#primaryimage"},"image":{"@id":"https:\/\/www.erzeni.com\/bottle-production\/#primaryimage"},"thumbnailUrl":"https:\/\/www.erzeni.com\/wp-content\/uploads\/2024\/06\/ERZENI_-9851-1024x1024.jpg","datePublished":"2024-06-15T21:49:46+00:00","dateModified":"2025-09-16T22:12:47+00:00","description":"Explore the innovative process of Erzeni bottle production for food-grade packaging, ensuring quality and compliance with standards.","breadcrumb":{"@id":"https:\/\/www.erzeni.com\/bottle-production\/#breadcrumb"},"inLanguage":"sq","potentialAction":[{"@type":"ReadAction","target":["https:\/\/www.erzeni.com\/bottle-production\/"]}]},{"@type":"ImageObject","inLanguage":"sq","@id":"https:\/\/www.erzeni.com\/bottle-production\/#primaryimage","url":"https:\/\/www.erzeni.com\/wp-content\/uploads\/2024\/06\/ERZENI_-9851-1024x1024.jpg","contentUrl":"https:\/\/www.erzeni.com\/wp-content\/uploads\/2024\/06\/ERZENI_-9851-1024x1024.jpg"},{"@type":"BreadcrumbList","@id":"https:\/\/www.erzeni.com\/bottle-production\/#breadcrumb","itemListElement":[{"@type":"ListItem","position":1,"name":"Home","item":"https:\/\/www.erzeni.com\/"},{"@type":"ListItem","position":2,"name":"Bottle Production"}]},{"@type":"WebSite","@id":"https:\/\/www.erzeni.com\/#website","url":"https:\/\/www.erzeni.com\/","name":"Erzeni","description":"","publisher":{"@id":"https:\/\/www.erzeni.com\/#organization"},"potentialAction":[{"@type":"SearchAction","target":{"@type":"EntryPoint","urlTemplate":"https:\/\/www.erzeni.com\/?s={search_term_string}"},"query-input":{"@type":"PropertyValueSpecification","valueRequired":true,"valueName":"search_term_string"}}],"inLanguage":"sq"},{"@type":"Organization","@id":"https:\/\/www.erzeni.com\/#organization","name":"Erzeni","url":"https:\/\/www.erzeni.com\/","logo":{"@type":"ImageObject","inLanguage":"sq","@id":"https:\/\/www.erzeni.com\/#\/schema\/logo\/image\/","url":"https:\/\/www.erzeni.com\/wp-content\/uploads\/2025\/01\/erzenimini.png","contentUrl":"https:\/\/www.erzeni.com\/wp-content\/uploads\/2025\/01\/erzenimini.png","width":300,"height":198,"caption":"Erzeni"},"image":{"@id":"https:\/\/www.erzeni.com\/#\/schema\/logo\/image\/"}}]}},"_links":{"self":[{"href":"https:\/\/www.erzeni.com\/sq\/wp-json\/wp\/v2\/pages\/304","targetHints":{"allow":["GET"]}}],"collection":[{"href":"https:\/\/www.erzeni.com\/sq\/wp-json\/wp\/v2\/pages"}],"about":[{"href":"https:\/\/www.erzeni.com\/sq\/wp-json\/wp\/v2\/types\/page"}],"author":[{"embeddable":true,"href":"https:\/\/www.erzeni.com\/sq\/wp-json\/wp\/v2\/users\/2"}],"replies":[{"embeddable":true,"href":"https:\/\/www.erzeni.com\/sq\/wp-json\/wp\/v2\/comments?post=304"}],"version-history":[{"count":5,"href":"https:\/\/www.erzeni.com\/sq\/wp-json\/wp\/v2\/pages\/304\/revisions"}],"predecessor-version":[{"id":2386,"href":"https:\/\/www.erzeni.com\/sq\/wp-json\/wp\/v2\/pages\/304\/revisions\/2386"}],"wp:attachment":[{"href":"https:\/\/www.erzeni.com\/sq\/wp-json\/wp\/v2\/media?parent=304"}],"curies":[{"name":"wp","href":"https:\/\/api.w.org\/{rel}","templated":true}]}}